{"id":19712,"date":"2024-03-22T11:05:40","date_gmt":"2024-03-22T10:05:40","guid":{"rendered":"https:\/\/p31aperitivogreen.com\/contatti\/"},"modified":"2024-04-02T12:19:44","modified_gmt":"2024-04-02T10:19:44","slug":"kontakte","status":"publish","type":"page","link":"https:\/\/p31aperitivogreen.com\/de\/kontakte\/","title":{"rendered":"Kontakte"},"content":{"rendered":"\t\t<div data-elementor-type=\"wp-page\" data-elementor-id=\"19712\" class=\"elementor elementor-19712 elementor-17428\" data-elementor-post-type=\"page\">\n\t\t\t\t<div class=\"elementor-element elementor-element-cd8a639 e-con-full e-flex e-con e-parent\" data-id=\"cd8a639\" data-element_type=\"container\" data-e-type=\"container\" data-settings=\"{&quot;background_background&quot;:&quot;classic&quot;}\">\r\n\t\t\t\t<\/div>\n\t\t<div class=\"elementor-element elementor-element-2e0ea10 e-flex e-con-boxed e-con e-parent\" data-id=\"2e0ea10\" data-element_type=\"container\" data-e-type=\"container\">\r\n\t\t\t\t\t<div class=\"e-con-inner\">\r\n\t\t<div class=\"elementor-element elementor-element-412c3b7 e-con-full e-flex e-con e-child\" data-id=\"412c3b7\" data-element_type=\"container\" data-e-type=\"container\" data-settings=\"{&quot;background_background&quot;:&quot;classic&quot;}\">\r\n\t\t\t\t<div class=\"elementor-element elementor-element-bb80c1a elementor-position-top elementor-widget elementor-widget-image-box\" data-id=\"bb80c1a\" data-element_type=\"widget\" data-e-type=\"widget\" data-widget_type=\"image-box.default\">\n\t\t\t\t<div class=\"elementor-widget-container\">\n\t\t\t\t\t<div class=\"elementor-image-box-wrapper\"><figure class=\"elementor-image-box-img\"><a href=\"mailto:sales@p31aperitivogreen.com\" tabindex=\"-1\"><img fetchpriority=\"high\" decoding=\"async\" width=\"300\" height=\"300\" src=\"https:\/\/p31aperitivogreen.com\/wp-content\/uploads\/2024\/03\/contact-icon3.png\" class=\"attachment-full size-full wp-image-18129\" alt=\"\" \/><\/a><\/figure><div class=\"elementor-image-box-content\"><h6 class=\"elementor-image-box-title\"><a href=\"mailto:sales@p31aperitivogreen.com\">sales@p31aperitivogreen.com<\/a><\/h6><p class=\"elementor-image-box-description\">Email<\/p><\/div><\/div>\t\t\t\t<\/div>\n\t\t\t\t<\/div>\n\t\t\t\t<div class=\"elementor-element elementor-element-997044c elementor-position-top elementor-widget elementor-widget-image-box\" data-id=\"997044c\" data-element_type=\"widget\" data-e-type=\"widget\" data-widget_type=\"image-box.default\">\n\t\t\t\t<div class=\"elementor-widget-container\">\n\t\t\t\t\t<div class=\"elementor-image-box-wrapper\"><figure class=\"elementor-image-box-img\"><a href=\"tel:+393394965502\" tabindex=\"-1\"><img decoding=\"async\" width=\"300\" height=\"300\" src=\"https:\/\/p31aperitivogreen.com\/wp-content\/uploads\/2024\/03\/contact-icon2.png\" class=\"attachment-full size-full wp-image-18126\" alt=\"\" \/><\/a><\/figure><div class=\"elementor-image-box-content\"><h6 class=\"elementor-image-box-title\"><a href=\"tel:+393394965502\">+39 3394965502<\/a><\/h6><p class=\"elementor-image-box-description\">Kontaktieren Sie Claudia<\/p><\/div><\/div>\t\t\t\t<\/div>\n\t\t\t\t<\/div>\n\t\t\t\t<div class=\"elementor-element elementor-element-30de942 elementor-position-top elementor-widget elementor-widget-image-box\" data-id=\"30de942\" data-element_type=\"widget\" data-e-type=\"widget\" data-widget_type=\"image-box.default\">\n\t\t\t\t<div class=\"elementor-widget-container\">\n\t\t\t\t\t<div class=\"elementor-image-box-wrapper\"><figure class=\"elementor-image-box-img\"><a href=\"https:\/\/www.google.com\/maps\/place\/Via+Giambellino,+7,+35129+Padova+PD\/@45.4086707,11.8999006,17z\/data=!3m1!4b1!4m6!3m5!1s0x477edaeebf976703:0xd4d4f6559d69ed0!8m2!3d45.4086708!4d11.9047769!16s%2Fg%2F11c1dw3_yn?hl=it&#038;entry=ttu\" target=\"_blank\" tabindex=\"-1\"><img decoding=\"async\" width=\"300\" height=\"300\" src=\"https:\/\/p31aperitivogreen.com\/wp-content\/uploads\/2024\/03\/contact-icon1.png\" class=\"attachment-full size-full wp-image-18132\" alt=\"\" \/><\/a><\/figure><div class=\"elementor-image-box-content\"><h6 class=\"elementor-image-box-title\"><a href=\"https:\/\/www.google.com\/maps\/place\/Via+Giambellino,+7,+35129+Padova+PD\/@45.4086707,11.8999006,17z\/data=!3m1!4b1!4m6!3m5!1s0x477edaeebf976703:0xd4d4f6559d69ed0!8m2!3d45.4086708!4d11.9047769!16s%2Fg%2F11c1dw3_yn?hl=it&#038;entry=ttu\" target=\"_blank\">Via Giambellino, n. 7<br>35129 - Padova<\/a><\/h6><p class=\"elementor-image-box-description\">Wo Sie uns finden<\/p><\/div><\/div>\t\t\t\t<\/div>\n\t\t\t\t<\/div>\n\t\t\t\t<\/div>\n\t\t<div class=\"elementor-element elementor-element-f08b3fa e-con-full e-flex e-con e-child\" data-id=\"f08b3fa\" data-element_type=\"container\" data-e-type=\"container\">\r\n\t\t\t\t<div class=\"elementor-element elementor-element-a130a80 elementor-widget elementor-widget-heading\" data-id=\"a130a80\" data-element_type=\"widget\" data-e-type=\"widget\" data-widget_type=\"heading.default\">\n\t\t\t\t<div class=\"elementor-widget-container\">\n\t\t\t\t\t<h3 class=\"elementor-heading-title elementor-size-default\">Ben\u00f6tigen Sie Informationen?<\/h3>\t\t\t\t<\/div>\n\t\t\t\t<\/div>\n\t\t\t\t<div class=\"elementor-element elementor-element-2a423b7 elementor-widget elementor-widget-text-editor\" data-id=\"2a423b7\" data-element_type=\"widget\" data-e-type=\"widget\" data-widget_type=\"text-editor.default\">\n\t\t\t\t<div class=\"elementor-widget-container\">\n\t\t\t\t\t\t\t\t\t<p>F\u00fcllen Sie das Formular aus und senden Sie Ihre Informationsanfrage ab<br \/><strong>Claudia<\/strong> wird Ihnen gerne zuh\u00f6ren und Sie bestm\u00f6glich unterst\u00fctzen.<\/p>\t\t\t\t\t\t\t\t<\/div>\n\t\t\t\t<\/div>\n\t\t\t\t<div class=\"elementor-element elementor-element-9775ee7 elementor-button-align-center elementor-widget elementor-widget-form\" data-id=\"9775ee7\" data-element_type=\"widget\" data-e-type=\"widget\" data-settings=\"{&quot;step_next_label&quot;:&quot;Successivo&quot;,&quot;step_previous_label&quot;:&quot;Precedente&quot;,&quot;button_width&quot;:&quot;100&quot;,&quot;step_type&quot;:&quot;number_text&quot;,&quot;step_icon_shape&quot;:&quot;circle&quot;}\" data-widget_type=\"form.default\">\n\t\t\t\t<div class=\"elementor-widget-container\">\n\t\t\t\t\t\t\t<form class=\"elementor-form\" method=\"post\" name=\"Nuovo modulo\" aria-label=\"Nuovo modulo\">\n\t\t\t<input type=\"hidden\" name=\"post_id\" value=\"19712\"\/>\n\t\t\t<input type=\"hidden\" name=\"form_id\" value=\"9775ee7\"\/>\n\t\t\t<input type=\"hidden\" name=\"referer_title\" value=\"Kontakte - P31 Aperitivo Green Spritz\" \/>\n\n\t\t\t\t\t\t\t<input type=\"hidden\" name=\"queried_id\" value=\"19712\"\/>\n\t\t\t\n\t\t\t<div class=\"elementor-form-fields-wrapper elementor-labels-above\">\n\t\t\t\t\t\t\t\t<div class=\"elementor-field-type-text elementor-field-group elementor-column elementor-field-group-name elementor-col-50 elementor-field-required\">\n\t\t\t\t\t\t\t\t\t\t\t\t\t<input size=\"1\" type=\"text\" name=\"form_fields[name]\" id=\"form-field-name\" class=\"elementor-field elementor-size-sm  elementor-field-textual\" placeholder=\"Vorname\" required=\"required\">\n\t\t\t\t\t\t\t\t\t\t\t<\/div>\n\t\t\t\t\t\t\t\t<div class=\"elementor-field-type-text elementor-field-group elementor-column elementor-field-group-field_ec36d32 elementor-col-50 elementor-field-required\">\n\t\t\t\t\t\t\t\t\t\t\t\t\t<input size=\"1\" type=\"text\" name=\"form_fields[field_ec36d32]\" id=\"form-field-field_ec36d32\" class=\"elementor-field elementor-size-sm  elementor-field-textual\" placeholder=\"Nachname\" required=\"required\">\n\t\t\t\t\t\t\t\t\t\t\t<\/div>\n\t\t\t\t\t\t\t\t<div class=\"elementor-field-type-email elementor-field-group elementor-column elementor-field-group-email elementor-col-50 elementor-field-required\">\n\t\t\t\t\t\t\t\t\t\t\t\t\t<input size=\"1\" type=\"email\" name=\"form_fields[email]\" id=\"form-field-email\" class=\"elementor-field elementor-size-sm  elementor-field-textual\" placeholder=\"Email\" required=\"required\">\n\t\t\t\t\t\t\t\t\t\t\t<\/div>\n\t\t\t\t\t\t\t\t<div class=\"elementor-field-type-text elementor-field-group elementor-column elementor-field-group-field_af24536 elementor-col-50 elementor-field-required\">\n\t\t\t\t\t\t\t\t\t\t\t\t\t<input size=\"1\" type=\"text\" name=\"form_fields[field_af24536]\" id=\"form-field-field_af24536\" class=\"elementor-field elementor-size-sm  elementor-field-textual\" placeholder=\"Telefon\" required=\"required\">\n\t\t\t\t\t\t\t\t\t\t\t<\/div>\n\t\t\t\t\t\t\t\t<div class=\"elementor-field-type-textarea elementor-field-group elementor-column elementor-field-group-message elementor-col-100 elementor-field-required\">\n\t\t\t\t\t<textarea class=\"elementor-field-textual elementor-field  elementor-size-sm\" name=\"form_fields[message]\" id=\"form-field-message\" rows=\"4\" placeholder=\"Anfrage\" required=\"required\"><\/textarea>\t\t\t\t<\/div>\n\t\t\t\t\t\t\t\t<div class=\"elementor-field-type-acceptance elementor-field-group elementor-column elementor-field-group-field_bef7d5a elementor-col-100\">\n\t\t\t\t\t\t\t<div class=\"elementor-field-subgroup\">\n\t\t\t<span class=\"elementor-field-option\">\n\t\t\t\t<input type=\"checkbox\" name=\"form_fields[field_bef7d5a]\" id=\"form-field-field_bef7d5a\" class=\"elementor-field elementor-size-sm  elementor-acceptance-field\">\n\t\t\t\t<label for=\"form-field-field_bef7d5a\">\n<small>Ich stimme der Verarbeitung personenbezogener Daten zu \u2013 Artikel 13-14 der DSGVO 2016\/679 \u2013 <a href=\"\/privacy\/\">Weitere Informationen<\/a> *<\/small><\/label>\t\t\t<\/span>\n\t\t<\/div>\n\t\t\t\t\t\t<\/div>\n\t\t\t\t\t\t\t\t<div class=\"elementor-field-group elementor-column elementor-field-type-submit elementor-col-100 e-form__buttons\">\n\t\t\t\t\t<button class=\"elementor-button elementor-size-sm\" type=\"submit\">\n\t\t\t\t\t\t<span class=\"elementor-button-content-wrapper\">\n\t\t\t\t\t\t\t\t\t\t\t\t\t\t\t\t\t\t\t\t\t\t<span class=\"elementor-button-text\">SCHICKEN<\/span>\n\t\t\t\t\t\t\t\t\t\t\t\t\t<\/span>\n\t\t\t\t\t<\/button>\n\t\t\t\t<\/div>\n\t\t\t<\/div>\n\t\t<\/form>\n\t\t\t\t\t\t<\/div>\n\t\t\t\t<\/div>\n\t\t\t\t<\/div>\n\t\t\t\t\t<\/div>\n\t\t\t\t<\/div>\n\t\t\t\t<\/div>\n\t\t","protected":false},"excerpt":{"rendered":"<p>sales@p31aperitivogreen.com Email +39 3394965502 Kontaktieren Sie Claudia Via Giambellino, n. 735129 &#8211; Padova Wo Sie uns finden Ben\u00f6tigen Sie Informationen? F\u00fcllen Sie das Formular aus und senden Sie Ihre Informationsanfrage abClaudia wird Ihnen gerne zuh\u00f6ren und Sie bestm\u00f6glich unterst\u00fctzen.<\/p>\n","protected":false},"author":3599,"featured_media":0,"parent":0,"menu_order":17,"comment_status":"closed","ping_status":"closed","template":"","meta":{"_acf_changed":false,"_lmt_disableupdate":"","_lmt_disable":"","footnotes":""},"class_list":["post-19712","page","type-page","status-publish","hentry"],"acf":[],"yoast_head":"<!-- This site is optimized with the Yoast SEO plugin v27.4 - https:\/\/yoast.com\/product\/yoast-seo-wordpress\/ -->\n<title>Kontakte - P31 Aperitivo Green Spritz<\/title>\n<meta name=\"robots\" content=\"index, follow, max-snippet:-1, max-image-preview:large, max-video-preview:-1\" \/>\n<link rel=\"canonical\" href=\"https:\/\/p31aperitivogreen.com\/de\/kontakte\/\" \/>\n<meta property=\"og:locale\" content=\"de_DE\" \/>\n<meta property=\"og:type\" content=\"article\" \/>\n<meta property=\"og:title\" content=\"Kontakte - P31 Aperitivo Green Spritz\" \/>\n<meta property=\"og:description\" content=\"sales@p31aperitivogreen.com Email +39 3394965502 Kontaktieren Sie Claudia Via Giambellino, n. 735129 &#8211; Padova Wo Sie uns finden Ben\u00f6tigen Sie Informationen? F\u00fcllen Sie das Formular aus und senden Sie Ihre Informationsanfrage abClaudia wird Ihnen gerne zuh\u00f6ren und Sie bestm\u00f6glich unterst\u00fctzen.\" \/>\n<meta property=\"og:url\" content=\"https:\/\/p31aperitivogreen.com\/de\/kontakte\/\" \/>\n<meta property=\"og:site_name\" content=\"P31 Aperitivo Green Spritz\" \/>\n<meta property=\"article:publisher\" content=\"https:\/\/www.facebook.com\/P31aperitivogreen\" \/>\n<meta property=\"article:modified_time\" content=\"2024-04-02T10:19:44+00:00\" \/>\n<meta property=\"og:image\" content=\"https:\/\/p31aperitivogreen.com\/wp-content\/uploads\/2024\/03\/contact-icon3.png\" \/>\n<meta name=\"twitter:card\" content=\"summary_large_image\" \/>\n<script type=\"application\/ld+json\" class=\"yoast-schema-graph\">{\"@context\":\"https:\\\/\\\/schema.org\",\"@graph\":[{\"@type\":\"WebPage\",\"@id\":\"https:\\\/\\\/p31aperitivogreen.com\\\/de\\\/kontakte\\\/\",\"url\":\"https:\\\/\\\/p31aperitivogreen.com\\\/de\\\/kontakte\\\/\",\"name\":\"Kontakte - P31 Aperitivo Green Spritz\",\"isPartOf\":{\"@id\":\"https:\\\/\\\/p31aperitivogreen.com\\\/de\\\/#website\"},\"primaryImageOfPage\":{\"@id\":\"https:\\\/\\\/p31aperitivogreen.com\\\/de\\\/kontakte\\\/#primaryimage\"},\"image\":{\"@id\":\"https:\\\/\\\/p31aperitivogreen.com\\\/de\\\/kontakte\\\/#primaryimage\"},\"thumbnailUrl\":\"https:\\\/\\\/p31aperitivogreen.com\\\/wp-content\\\/uploads\\\/2024\\\/03\\\/contact-icon3.png\",\"datePublished\":\"2024-03-22T10:05:40+00:00\",\"dateModified\":\"2024-04-02T10:19:44+00:00\",\"breadcrumb\":{\"@id\":\"https:\\\/\\\/p31aperitivogreen.com\\\/de\\\/kontakte\\\/#breadcrumb\"},\"inLanguage\":\"de\",\"potentialAction\":[{\"@type\":\"ReadAction\",\"target\":[\"https:\\\/\\\/p31aperitivogreen.com\\\/de\\\/kontakte\\\/\"]}]},{\"@type\":\"ImageObject\",\"inLanguage\":\"de\",\"@id\":\"https:\\\/\\\/p31aperitivogreen.com\\\/de\\\/kontakte\\\/#primaryimage\",\"url\":\"https:\\\/\\\/p31aperitivogreen.com\\\/wp-content\\\/uploads\\\/2024\\\/03\\\/contact-icon3.png\",\"contentUrl\":\"https:\\\/\\\/p31aperitivogreen.com\\\/wp-content\\\/uploads\\\/2024\\\/03\\\/contact-icon3.png\"},{\"@type\":\"BreadcrumbList\",\"@id\":\"https:\\\/\\\/p31aperitivogreen.com\\\/de\\\/kontakte\\\/#breadcrumb\",\"itemListElement\":[{\"@type\":\"ListItem\",\"position\":1,\"name\":\"Home\",\"item\":\"https:\\\/\\\/p31aperitivogreen.com\\\/de\\\/\"},{\"@type\":\"ListItem\",\"position\":2,\"name\":\"Kontakte\"}]},{\"@type\":\"WebSite\",\"@id\":\"https:\\\/\\\/p31aperitivogreen.com\\\/de\\\/#website\",\"url\":\"https:\\\/\\\/p31aperitivogreen.com\\\/de\\\/\",\"name\":\"P31 Aperitivo Green\",\"description\":\"Prodotti per Aperitivi, Cocktail, Spritz, Mixology dal colore verde\",\"publisher\":{\"@id\":\"https:\\\/\\\/p31aperitivogreen.com\\\/de\\\/#organization\"},\"potentialAction\":[{\"@type\":\"SearchAction\",\"target\":{\"@type\":\"EntryPoint\",\"urlTemplate\":\"https:\\\/\\\/p31aperitivogreen.com\\\/de\\\/?s={search_term_string}\"},\"query-input\":{\"@type\":\"PropertyValueSpecification\",\"valueRequired\":true,\"valueName\":\"search_term_string\"}}],\"inLanguage\":\"de\"},{\"@type\":\"Organization\",\"@id\":\"https:\\\/\\\/p31aperitivogreen.com\\\/de\\\/#organization\",\"name\":\"P31 srl\",\"url\":\"https:\\\/\\\/p31aperitivogreen.com\\\/de\\\/\",\"logo\":{\"@type\":\"ImageObject\",\"inLanguage\":\"de\",\"@id\":\"https:\\\/\\\/p31aperitivogreen.com\\\/de\\\/#\\\/schema\\\/logo\\\/image\\\/\",\"url\":\"https:\\\/\\\/p31aperitivogreen.com\\\/wp-content\\\/uploads\\\/2024\\\/03\\\/logo-p31-bianco.svg\",\"contentUrl\":\"https:\\\/\\\/p31aperitivogreen.com\\\/wp-content\\\/uploads\\\/2024\\\/03\\\/logo-p31-bianco.svg\",\"width\":113,\"height\":90,\"caption\":\"P31 srl\"},\"image\":{\"@id\":\"https:\\\/\\\/p31aperitivogreen.com\\\/de\\\/#\\\/schema\\\/logo\\\/image\\\/\"},\"sameAs\":[\"https:\\\/\\\/www.facebook.com\\\/P31aperitivogreen\",\"https:\\\/\\\/www.instagram.com\\\/p31aperitivogreen\\\/\"]}]}<\/script>\n<!-- \/ Yoast SEO plugin. -->","yoast_head_json":{"title":"Kontakte - P31 Aperitivo Green Spritz","robots":{"index":"index","follow":"follow","max-snippet":"max-snippet:-1","max-image-preview":"max-image-preview:large","max-video-preview":"max-video-preview:-1"},"canonical":"https:\/\/p31aperitivogreen.com\/de\/kontakte\/","og_locale":"de_DE","og_type":"article","og_title":"Kontakte - P31 Aperitivo Green Spritz","og_description":"sales@p31aperitivogreen.com Email +39 3394965502 Kontaktieren Sie Claudia Via Giambellino, n. 735129 &#8211; Padova Wo Sie uns finden Ben\u00f6tigen Sie Informationen? F\u00fcllen Sie das Formular aus und senden Sie Ihre Informationsanfrage abClaudia wird Ihnen gerne zuh\u00f6ren und Sie bestm\u00f6glich unterst\u00fctzen.","og_url":"https:\/\/p31aperitivogreen.com\/de\/kontakte\/","og_site_name":"P31 Aperitivo Green Spritz","article_publisher":"https:\/\/www.facebook.com\/P31aperitivogreen","article_modified_time":"2024-04-02T10:19:44+00:00","og_image":[{"url":"https:\/\/p31aperitivogreen.com\/wp-content\/uploads\/2024\/03\/contact-icon3.png","type":"","width":"","height":""}],"twitter_card":"summary_large_image","schema":{"@context":"https:\/\/schema.org","@graph":[{"@type":"WebPage","@id":"https:\/\/p31aperitivogreen.com\/de\/kontakte\/","url":"https:\/\/p31aperitivogreen.com\/de\/kontakte\/","name":"Kontakte - P31 Aperitivo Green Spritz","isPartOf":{"@id":"https:\/\/p31aperitivogreen.com\/de\/#website"},"primaryImageOfPage":{"@id":"https:\/\/p31aperitivogreen.com\/de\/kontakte\/#primaryimage"},"image":{"@id":"https:\/\/p31aperitivogreen.com\/de\/kontakte\/#primaryimage"},"thumbnailUrl":"https:\/\/p31aperitivogreen.com\/wp-content\/uploads\/2024\/03\/contact-icon3.png","datePublished":"2024-03-22T10:05:40+00:00","dateModified":"2024-04-02T10:19:44+00:00","breadcrumb":{"@id":"https:\/\/p31aperitivogreen.com\/de\/kontakte\/#breadcrumb"},"inLanguage":"de","potentialAction":[{"@type":"ReadAction","target":["https:\/\/p31aperitivogreen.com\/de\/kontakte\/"]}]},{"@type":"ImageObject","inLanguage":"de","@id":"https:\/\/p31aperitivogreen.com\/de\/kontakte\/#primaryimage","url":"https:\/\/p31aperitivogreen.com\/wp-content\/uploads\/2024\/03\/contact-icon3.png","contentUrl":"https:\/\/p31aperitivogreen.com\/wp-content\/uploads\/2024\/03\/contact-icon3.png"},{"@type":"BreadcrumbList","@id":"https:\/\/p31aperitivogreen.com\/de\/kontakte\/#breadcrumb","itemListElement":[{"@type":"ListItem","position":1,"name":"Home","item":"https:\/\/p31aperitivogreen.com\/de\/"},{"@type":"ListItem","position":2,"name":"Kontakte"}]},{"@type":"WebSite","@id":"https:\/\/p31aperitivogreen.com\/de\/#website","url":"https:\/\/p31aperitivogreen.com\/de\/","name":"P31 Aperitivo Green","description":"Prodotti per Aperitivi, Cocktail, Spritz, Mixology dal colore verde","publisher":{"@id":"https:\/\/p31aperitivogreen.com\/de\/#organization"},"potentialAction":[{"@type":"SearchAction","target":{"@type":"EntryPoint","urlTemplate":"https:\/\/p31aperitivogreen.com\/de\/?s={search_term_string}"},"query-input":{"@type":"PropertyValueSpecification","valueRequired":true,"valueName":"search_term_string"}}],"inLanguage":"de"},{"@type":"Organization","@id":"https:\/\/p31aperitivogreen.com\/de\/#organization","name":"P31 srl","url":"https:\/\/p31aperitivogreen.com\/de\/","logo":{"@type":"ImageObject","inLanguage":"de","@id":"https:\/\/p31aperitivogreen.com\/de\/#\/schema\/logo\/image\/","url":"https:\/\/p31aperitivogreen.com\/wp-content\/uploads\/2024\/03\/logo-p31-bianco.svg","contentUrl":"https:\/\/p31aperitivogreen.com\/wp-content\/uploads\/2024\/03\/logo-p31-bianco.svg","width":113,"height":90,"caption":"P31 srl"},"image":{"@id":"https:\/\/p31aperitivogreen.com\/de\/#\/schema\/logo\/image\/"},"sameAs":["https:\/\/www.facebook.com\/P31aperitivogreen","https:\/\/www.instagram.com\/p31aperitivogreen\/"]}]}},"_links":{"self":[{"href":"https:\/\/p31aperitivogreen.com\/de\/wp-json\/wp\/v2\/pages\/19712","targetHints":{"allow":["GET"]}}],"collection":[{"href":"https:\/\/p31aperitivogreen.com\/de\/wp-json\/wp\/v2\/pages"}],"about":[{"href":"https:\/\/p31aperitivogreen.com\/de\/wp-json\/wp\/v2\/types\/page"}],"author":[{"embeddable":true,"href":"https:\/\/p31aperitivogreen.com\/de\/wp-json\/wp\/v2\/users\/3599"}],"replies":[{"embeddable":true,"href":"https:\/\/p31aperitivogreen.com\/de\/wp-json\/wp\/v2\/comments?post=19712"}],"version-history":[{"count":7,"href":"https:\/\/p31aperitivogreen.com\/de\/wp-json\/wp\/v2\/pages\/19712\/revisions"}],"predecessor-version":[{"id":19961,"href":"https:\/\/p31aperitivogreen.com\/de\/wp-json\/wp\/v2\/pages\/19712\/revisions\/19961"}],"wp:attachment":[{"href":"https:\/\/p31aperitivogreen.com\/de\/wp-json\/wp\/v2\/media?parent=19712"}],"curies":[{"name":"wp","href":"https:\/\/api.w.org\/{rel}","templated":true}]}}