{"id":19708,"date":"2024-03-28T12:06:18","date_gmt":"2024-03-28T11:06:18","guid":{"rendered":"https:\/\/p31aperitivogreen.com\/richiesta-inviata-con-successo\/"},"modified":"2024-04-12T09:58:01","modified_gmt":"2024-04-12T07:58:01","slug":"anfrage-erfolgreich-gesendet","status":"publish","type":"page","link":"https:\/\/p31aperitivogreen.com\/de\/anfrage-erfolgreich-gesendet\/","title":{"rendered":"Anfrage erfolgreich gesendet"},"content":{"rendered":"\t\t<div data-elementor-type=\"wp-page\" data-elementor-id=\"19708\" class=\"elementor elementor-19708 elementor-19187\" data-elementor-post-type=\"page\">\n\t\t\t\t<div class=\"elementor-element elementor-element-16412ca e-con-full e-flex e-con e-parent\" data-id=\"16412ca\" data-element_type=\"container\" data-e-type=\"container\">\r\n\t\t\t\t<div class=\"elementor-element elementor-element-b1bf731 elementor-widget elementor-widget-shortcode\" data-id=\"b1bf731\" data-element_type=\"widget\" data-e-type=\"widget\" data-widget_type=\"shortcode.default\">\n\t\t\t\t<div class=\"elementor-widget-container\">\n\t\t\t\t\t\t\t<div class=\"elementor-shortcode\"><style>.elementor-19982 .elementor-element.elementor-element-c422ea7{--display:flex;--flex-direction:row;--container-widget-width:initial;--container-widget-height:100%;--container-widget-flex-grow:1;--container-widget-align-self:stretch;--flex-wrap-mobile:wrap;--justify-content:flex-start;--padding-block-start:0px;--padding-block-end:0px;--padding-inline-start:0px;--padding-inline-end:0px;}.elementor-19982 .elementor-element.elementor-element-c422ea7:not(.elementor-motion-effects-element-type-background), .elementor-19982 .elementor-element.elementor-element-c422ea7 > .elementor-motion-effects-container > .elementor-motion-effects-layer{background-color:var( --e-global-color-5151890 );}.container-fluid .e-parent.e-con-full .e-con-boxed.elementor-element-c422ea7{--padding-inline-start:0px;--padding-inline-end:0px;}.elementor-19982 .elementor-element.elementor-element-e8d2799{--display:flex;--gap:0px 0px;--row-gap:0px;--column-gap:0px;}.elementor-19982 .elementor-element.elementor-element-37ac59a{text-align:start;}.elementor-19982 .elementor-element.elementor-element-37ac59a .elementor-heading-title{font-family:\"Poppins\", Poppins;font-size:19px;font-weight:400;text-transform:uppercase;line-height:1.6em;letter-spacing:0px;color:#FFFFFF;}.elementor-19982 .elementor-element.elementor-element-bafc28d .woocommerce-breadcrumb{color:var( --e-global-color-17922c6 );font-family:\"Poppins\", Poppins;font-size:15px;font-weight:300;line-height:1.6em;}.elementor-19982 .elementor-element.elementor-element-bafc28d .woocommerce-breadcrumb > a{color:var( --e-global-color-17922c6 );}@media(max-width:991px){.elementor-19982 .elementor-element.elementor-element-37ac59a .elementor-heading-title{font-size:17px;}.elementor-19982 .elementor-element.elementor-element-bafc28d .woocommerce-breadcrumb{font-size:17px;}}@media(max-width:767px){.elementor-19982 .elementor-element.elementor-element-37ac59a .elementor-heading-title{font-size:17px;}.elementor-19982 .elementor-element.elementor-element-bafc28d .woocommerce-breadcrumb{font-size:17px;}}<\/style><div class=\"porto-block elementor elementor-19982 elementor-18953\" data-id=\"19982\">\t\t<div data-elementor-type=\"wp-post\" data-elementor-id=\"19982\" class=\"elementor elementor-19982 elementor-18953 elementor-18953\" data-elementor-post-type=\"porto_builder\">\n\t\t\t\t<div class=\"elementor-element elementor-element-c422ea7 e-flex e-con-boxed e-con e-parent\" data-id=\"c422ea7\" data-element_type=\"container\" data-e-type=\"container\" data-settings=\"{&quot;background_background&quot;:&quot;classic&quot;}\">\r\n\t\t\t\t\t<div class=\"e-con-inner\">\r\n\t\t<div class=\"elementor-element elementor-element-e8d2799 e-flex e-con-boxed e-con e-child\" data-id=\"e8d2799\" data-element_type=\"container\" data-e-type=\"container\">\r\n\t\t\t\t\t<div class=\"e-con-inner\">\r\n\t\t\t\t<div class=\"elementor-element elementor-element-bafc28d elementor-widget elementor-widget-woocommerce-breadcrumb\" data-id=\"bafc28d\" data-element_type=\"widget\" data-e-type=\"widget\" data-widget_type=\"woocommerce-breadcrumb.default\">\n\t\t\t\t<div class=\"elementor-widget-container\">\n\t\t\t\t\t<nav class=\"woocommerce-breadcrumb\" aria-label=\"Breadcrumb\">Start<\/nav>\t\t\t\t<\/div>\n\t\t\t\t<\/div>\n\t\t\t\t\t<\/div>\n\t\t\t\t<\/div>\n\t\t\t\t\t<\/div>\n\t\t\t\t<\/div>\n\t\t\t\t<\/div>\n\t\t<\/div><\/div>\n\t\t\t\t\t\t<\/div>\n\t\t\t\t<\/div>\n\t\t\t\t<\/div>\n\t\t<div class=\"elementor-element elementor-element-409e401 e-flex e-con-boxed e-con e-parent\" data-id=\"409e401\" data-element_type=\"container\" data-e-type=\"container\" data-settings=\"{&quot;background_background&quot;:&quot;classic&quot;}\">\r\n\t\t\t\t\t<div class=\"e-con-inner\">\r\n\t\t\t\t<div class=\"elementor-element elementor-element-d81bcac elementor-widget elementor-widget-image\" data-id=\"d81bcac\" data-element_type=\"widget\" data-e-type=\"widget\" data-widget_type=\"image.default\">\n\t\t\t\t<div class=\"elementor-widget-container\">\n\t\t\t\t\t\t\t\t\t\t\t\t\t\t\t<img fetchpriority=\"high\" decoding=\"async\" width=\"744\" height=\"1200\" src=\"https:\/\/p31aperitivogreen.com\/wp-content\/uploads\/2024\/03\/p31.png\" class=\"attachment-full size-full wp-image-19202\" alt=\"\" srcset=\"https:\/\/p31aperitivogreen.com\/wp-content\/uploads\/2024\/03\/p31.png 744w, https:\/\/p31aperitivogreen.com\/wp-content\/uploads\/2024\/03\/p31-635x1024.png 635w, https:\/\/p31aperitivogreen.com\/wp-content\/uploads\/2024\/03\/p31-640x1032.png 640w, https:\/\/p31aperitivogreen.com\/wp-content\/uploads\/2024\/03\/p31-400x645.png 400w, https:\/\/p31aperitivogreen.com\/wp-content\/uploads\/2024\/03\/p31-600x968.png 600w\" sizes=\"(max-width: 744px) 100vw, 744px\" \/>\t\t\t\t\t\t\t\t\t\t\t\t\t\t\t<\/div>\n\t\t\t\t<\/div>\n\t\t\t\t<div class=\"elementor-element elementor-element-837f70b elementor-widget elementor-widget-heading\" data-id=\"837f70b\" data-element_type=\"widget\" data-e-type=\"widget\" data-widget_type=\"heading.default\">\n\t\t\t\t<div class=\"elementor-widget-container\">\n\t\t\t\t\t<h2 class=\"elementor-heading-title elementor-size-default\">ANFRAGE ERFOLGREICH GESENDET<\/h2>\t\t\t\t<\/div>\n\t\t\t\t<\/div>\n\t\t\t\t<div class=\"elementor-element elementor-element-d607a42 elementor-widget__width-initial elementor-widget elementor-widget-heading\" data-id=\"d607a42\" data-element_type=\"widget\" data-e-type=\"widget\" data-widget_type=\"heading.default\">\n\t\t\t\t<div class=\"elementor-widget-container\">\n\t\t\t\t\t<h6 class=\"elementor-heading-title elementor-size-default\">Wir freuen uns, dass Sie sich die Zeit genommen haben, mit uns Kontakt aufzunehmen.\n<br><br>\nUnser Team ist bestrebt, zeitnah auf Ihre Fragen oder Bed\u00fcrfnisse zu reagieren. Bitte \u00fcberpr\u00fcfen Sie Ihren E-Mail-Posteingang, Sie erhalten bald eine Antwort.\n<br><br>\nWenn Sie weitere Fragen haben oder zus\u00e4tzliche Hilfe ben\u00f6tigen, z\u00f6gern Sie bitte nicht, uns erneut zu kontaktieren. Wir sind hier, um Ihnen auf jede erdenkliche Weise zu helfen.<\/h6>\t\t\t\t<\/div>\n\t\t\t\t<\/div>\n\t\t\t\t<div class=\"elementor-element elementor-element-556e1e0 elementor-widget__width-auto elementor-align-center elementor-widget elementor-widget-button\" data-id=\"556e1e0\" data-element_type=\"widget\" data-e-type=\"widget\" data-widget_type=\"button.default\">\n\t\t\t\t<div class=\"elementor-widget-container\">\n\t\t\t\t\t\t\t\t\t<div class=\"elementor-button-wrapper\">\n\t\t\t\t\t<a class=\"elementor-button elementor-button-link elementor-size-sm\" href=\"https:\/\/p31aperitivogreen.com\/de\/\">\n\t\t\t\t\t\t<span class=\"elementor-button-content-wrapper\">\n\t\t\t\t\t\t\t\t\t<span class=\"elementor-button-text\">ZUR\u00dcCK NACH HAUSE<\/span>\n\t\t\t\t\t<\/span>\n\t\t\t\t\t<\/a>\n\t\t\t\t<\/div>\n\t\t\t\t\t\t\t\t<\/div>\n\t\t\t\t<\/div>\n\t\t\t\t\t<\/div>\n\t\t\t\t<\/div>\n\t\t\t\t<\/div>\n\t\t","protected":false},"excerpt":{"rendered":"<p>ANFRAGE ERFOLGREICH GESENDET Wir freuen uns, dass Sie sich die Zeit genommen haben, mit uns Kontakt aufzunehmen. Unser Team ist bestrebt, zeitnah auf Ihre Fragen oder Bed\u00fcrfnisse zu reagieren. Bitte \u00fcberpr\u00fcfen Sie Ihren E-Mail-Posteingang, Sie erhalten bald eine Antwort. Wenn Sie weitere Fragen haben oder zus\u00e4tzliche Hilfe ben\u00f6tigen, z\u00f6gern Sie bitte nicht, uns erneut zu [&hellip;]<\/p>\n","protected":false},"author":3599,"featured_media":0,"parent":0,"menu_order":17,"comment_status":"closed","ping_status":"closed","template":"","meta":{"_acf_changed":false,"_lmt_disableupdate":"","_lmt_disable":"","footnotes":""},"class_list":["post-19708","page","type-page","status-publish","hentry"],"acf":[],"yoast_head":"<!-- This site is optimized with the Yoast SEO plugin v27.6 - https:\/\/yoast.com\/product\/yoast-seo-wordpress\/ -->\n<title>Anfrage erfolgreich gesendet - P31 Aperitivo Green Spritz<\/title>\n<meta name=\"robots\" content=\"index, follow, max-snippet:-1, max-image-preview:large, max-video-preview:-1\" \/>\n<link rel=\"canonical\" href=\"https:\/\/p31aperitivogreen.com\/de\/anfrage-erfolgreich-gesendet\/\" \/>\n<meta property=\"og:locale\" content=\"de_DE\" \/>\n<meta property=\"og:type\" content=\"article\" \/>\n<meta property=\"og:title\" content=\"Anfrage erfolgreich gesendet - P31 Aperitivo Green Spritz\" \/>\n<meta property=\"og:description\" content=\"ANFRAGE ERFOLGREICH GESENDET Wir freuen uns, dass Sie sich die Zeit genommen haben, mit uns Kontakt aufzunehmen. Unser Team ist bestrebt, zeitnah auf Ihre Fragen oder Bed\u00fcrfnisse zu reagieren. Bitte \u00fcberpr\u00fcfen Sie Ihren E-Mail-Posteingang, Sie erhalten bald eine Antwort. Wenn Sie weitere Fragen haben oder zus\u00e4tzliche Hilfe ben\u00f6tigen, z\u00f6gern Sie bitte nicht, uns erneut zu [&hellip;]\" \/>\n<meta property=\"og:url\" content=\"https:\/\/p31aperitivogreen.com\/de\/anfrage-erfolgreich-gesendet\/\" \/>\n<meta property=\"og:site_name\" content=\"P31 Aperitivo Green Spritz\" \/>\n<meta property=\"article:publisher\" content=\"https:\/\/www.facebook.com\/P31aperitivogreen\" \/>\n<meta property=\"article:modified_time\" content=\"2024-04-12T07:58:01+00:00\" \/>\n<meta property=\"og:image\" content=\"https:\/\/p31aperitivogreen.com\/wp-content\/uploads\/2024\/03\/p31.png\" \/>\n<meta name=\"twitter:card\" content=\"summary_large_image\" \/>\n<meta name=\"twitter:label1\" content=\"Gesch\u00e4tzte Lesezeit\" \/>\n\t<meta name=\"twitter:data1\" content=\"1\u00a0Minute\" \/>\n<script type=\"application\/ld+json\" class=\"yoast-schema-graph\">{\"@context\":\"https:\\\/\\\/schema.org\",\"@graph\":[{\"@type\":\"WebPage\",\"@id\":\"https:\\\/\\\/p31aperitivogreen.com\\\/de\\\/anfrage-erfolgreich-gesendet\\\/\",\"url\":\"https:\\\/\\\/p31aperitivogreen.com\\\/de\\\/anfrage-erfolgreich-gesendet\\\/\",\"name\":\"Anfrage erfolgreich gesendet - P31 Aperitivo Green Spritz\",\"isPartOf\":{\"@id\":\"https:\\\/\\\/p31aperitivogreen.com\\\/de\\\/#website\"},\"primaryImageOfPage\":{\"@id\":\"https:\\\/\\\/p31aperitivogreen.com\\\/de\\\/anfrage-erfolgreich-gesendet\\\/#primaryimage\"},\"image\":{\"@id\":\"https:\\\/\\\/p31aperitivogreen.com\\\/de\\\/anfrage-erfolgreich-gesendet\\\/#primaryimage\"},\"thumbnailUrl\":\"https:\\\/\\\/p31aperitivogreen.com\\\/wp-content\\\/uploads\\\/2024\\\/03\\\/p31.png\",\"datePublished\":\"2024-03-28T11:06:18+00:00\",\"dateModified\":\"2024-04-12T07:58:01+00:00\",\"breadcrumb\":{\"@id\":\"https:\\\/\\\/p31aperitivogreen.com\\\/de\\\/anfrage-erfolgreich-gesendet\\\/#breadcrumb\"},\"inLanguage\":\"de\",\"potentialAction\":[{\"@type\":\"ReadAction\",\"target\":[\"https:\\\/\\\/p31aperitivogreen.com\\\/de\\\/anfrage-erfolgreich-gesendet\\\/\"]}]},{\"@type\":\"ImageObject\",\"inLanguage\":\"de\",\"@id\":\"https:\\\/\\\/p31aperitivogreen.com\\\/de\\\/anfrage-erfolgreich-gesendet\\\/#primaryimage\",\"url\":\"https:\\\/\\\/p31aperitivogreen.com\\\/wp-content\\\/uploads\\\/2024\\\/03\\\/p31.png\",\"contentUrl\":\"https:\\\/\\\/p31aperitivogreen.com\\\/wp-content\\\/uploads\\\/2024\\\/03\\\/p31.png\"},{\"@type\":\"BreadcrumbList\",\"@id\":\"https:\\\/\\\/p31aperitivogreen.com\\\/de\\\/anfrage-erfolgreich-gesendet\\\/#breadcrumb\",\"itemListElement\":[{\"@type\":\"ListItem\",\"position\":1,\"name\":\"Home\",\"item\":\"https:\\\/\\\/p31aperitivogreen.com\\\/de\\\/\"},{\"@type\":\"ListItem\",\"position\":2,\"name\":\"Anfrage erfolgreich gesendet\"}]},{\"@type\":\"WebSite\",\"@id\":\"https:\\\/\\\/p31aperitivogreen.com\\\/de\\\/#website\",\"url\":\"https:\\\/\\\/p31aperitivogreen.com\\\/de\\\/\",\"name\":\"P31 Aperitivo Green\",\"description\":\"Prodotti per Aperitivi, Cocktail, Spritz, Mixology dal colore verde\",\"publisher\":{\"@id\":\"https:\\\/\\\/p31aperitivogreen.com\\\/de\\\/#organization\"},\"potentialAction\":[{\"@type\":\"SearchAction\",\"target\":{\"@type\":\"EntryPoint\",\"urlTemplate\":\"https:\\\/\\\/p31aperitivogreen.com\\\/de\\\/?s={search_term_string}\"},\"query-input\":{\"@type\":\"PropertyValueSpecification\",\"valueRequired\":true,\"valueName\":\"search_term_string\"}}],\"inLanguage\":\"de\"},{\"@type\":\"Organization\",\"@id\":\"https:\\\/\\\/p31aperitivogreen.com\\\/de\\\/#organization\",\"name\":\"P31 srl\",\"url\":\"https:\\\/\\\/p31aperitivogreen.com\\\/de\\\/\",\"logo\":{\"@type\":\"ImageObject\",\"inLanguage\":\"de\",\"@id\":\"https:\\\/\\\/p31aperitivogreen.com\\\/de\\\/#\\\/schema\\\/logo\\\/image\\\/\",\"url\":\"https:\\\/\\\/p31aperitivogreen.com\\\/wp-content\\\/uploads\\\/2024\\\/03\\\/logo-p31-bianco.svg\",\"contentUrl\":\"https:\\\/\\\/p31aperitivogreen.com\\\/wp-content\\\/uploads\\\/2024\\\/03\\\/logo-p31-bianco.svg\",\"width\":113,\"height\":90,\"caption\":\"P31 srl\"},\"image\":{\"@id\":\"https:\\\/\\\/p31aperitivogreen.com\\\/de\\\/#\\\/schema\\\/logo\\\/image\\\/\"},\"sameAs\":[\"https:\\\/\\\/www.facebook.com\\\/P31aperitivogreen\",\"https:\\\/\\\/www.instagram.com\\\/p31aperitivogreen\\\/\"]}]}<\/script>\n<!-- \/ Yoast SEO plugin. -->","yoast_head_json":{"title":"Anfrage erfolgreich gesendet - P31 Aperitivo Green Spritz","robots":{"index":"index","follow":"follow","max-snippet":"max-snippet:-1","max-image-preview":"max-image-preview:large","max-video-preview":"max-video-preview:-1"},"canonical":"https:\/\/p31aperitivogreen.com\/de\/anfrage-erfolgreich-gesendet\/","og_locale":"de_DE","og_type":"article","og_title":"Anfrage erfolgreich gesendet - P31 Aperitivo Green Spritz","og_description":"ANFRAGE ERFOLGREICH GESENDET Wir freuen uns, dass Sie sich die Zeit genommen haben, mit uns Kontakt aufzunehmen. Unser Team ist bestrebt, zeitnah auf Ihre Fragen oder Bed\u00fcrfnisse zu reagieren. Bitte \u00fcberpr\u00fcfen Sie Ihren E-Mail-Posteingang, Sie erhalten bald eine Antwort. Wenn Sie weitere Fragen haben oder zus\u00e4tzliche Hilfe ben\u00f6tigen, z\u00f6gern Sie bitte nicht, uns erneut zu [&hellip;]","og_url":"https:\/\/p31aperitivogreen.com\/de\/anfrage-erfolgreich-gesendet\/","og_site_name":"P31 Aperitivo Green Spritz","article_publisher":"https:\/\/www.facebook.com\/P31aperitivogreen","article_modified_time":"2024-04-12T07:58:01+00:00","og_image":[{"url":"https:\/\/p31aperitivogreen.com\/wp-content\/uploads\/2024\/03\/p31.png","type":"","width":"","height":""}],"twitter_card":"summary_large_image","twitter_misc":{"Gesch\u00e4tzte Lesezeit":"1\u00a0Minute"},"schema":{"@context":"https:\/\/schema.org","@graph":[{"@type":"WebPage","@id":"https:\/\/p31aperitivogreen.com\/de\/anfrage-erfolgreich-gesendet\/","url":"https:\/\/p31aperitivogreen.com\/de\/anfrage-erfolgreich-gesendet\/","name":"Anfrage erfolgreich gesendet - P31 Aperitivo Green Spritz","isPartOf":{"@id":"https:\/\/p31aperitivogreen.com\/de\/#website"},"primaryImageOfPage":{"@id":"https:\/\/p31aperitivogreen.com\/de\/anfrage-erfolgreich-gesendet\/#primaryimage"},"image":{"@id":"https:\/\/p31aperitivogreen.com\/de\/anfrage-erfolgreich-gesendet\/#primaryimage"},"thumbnailUrl":"https:\/\/p31aperitivogreen.com\/wp-content\/uploads\/2024\/03\/p31.png","datePublished":"2024-03-28T11:06:18+00:00","dateModified":"2024-04-12T07:58:01+00:00","breadcrumb":{"@id":"https:\/\/p31aperitivogreen.com\/de\/anfrage-erfolgreich-gesendet\/#breadcrumb"},"inLanguage":"de","potentialAction":[{"@type":"ReadAction","target":["https:\/\/p31aperitivogreen.com\/de\/anfrage-erfolgreich-gesendet\/"]}]},{"@type":"ImageObject","inLanguage":"de","@id":"https:\/\/p31aperitivogreen.com\/de\/anfrage-erfolgreich-gesendet\/#primaryimage","url":"https:\/\/p31aperitivogreen.com\/wp-content\/uploads\/2024\/03\/p31.png","contentUrl":"https:\/\/p31aperitivogreen.com\/wp-content\/uploads\/2024\/03\/p31.png"},{"@type":"BreadcrumbList","@id":"https:\/\/p31aperitivogreen.com\/de\/anfrage-erfolgreich-gesendet\/#breadcrumb","itemListElement":[{"@type":"ListItem","position":1,"name":"Home","item":"https:\/\/p31aperitivogreen.com\/de\/"},{"@type":"ListItem","position":2,"name":"Anfrage erfolgreich gesendet"}]},{"@type":"WebSite","@id":"https:\/\/p31aperitivogreen.com\/de\/#website","url":"https:\/\/p31aperitivogreen.com\/de\/","name":"P31 Aperitivo Green","description":"Prodotti per Aperitivi, Cocktail, Spritz, Mixology dal colore verde","publisher":{"@id":"https:\/\/p31aperitivogreen.com\/de\/#organization"},"potentialAction":[{"@type":"SearchAction","target":{"@type":"EntryPoint","urlTemplate":"https:\/\/p31aperitivogreen.com\/de\/?s={search_term_string}"},"query-input":{"@type":"PropertyValueSpecification","valueRequired":true,"valueName":"search_term_string"}}],"inLanguage":"de"},{"@type":"Organization","@id":"https:\/\/p31aperitivogreen.com\/de\/#organization","name":"P31 srl","url":"https:\/\/p31aperitivogreen.com\/de\/","logo":{"@type":"ImageObject","inLanguage":"de","@id":"https:\/\/p31aperitivogreen.com\/de\/#\/schema\/logo\/image\/","url":"https:\/\/p31aperitivogreen.com\/wp-content\/uploads\/2024\/03\/logo-p31-bianco.svg","contentUrl":"https:\/\/p31aperitivogreen.com\/wp-content\/uploads\/2024\/03\/logo-p31-bianco.svg","width":113,"height":90,"caption":"P31 srl"},"image":{"@id":"https:\/\/p31aperitivogreen.com\/de\/#\/schema\/logo\/image\/"},"sameAs":["https:\/\/www.facebook.com\/P31aperitivogreen","https:\/\/www.instagram.com\/p31aperitivogreen\/"]}]}},"_links":{"self":[{"href":"https:\/\/p31aperitivogreen.com\/de\/wp-json\/wp\/v2\/pages\/19708","targetHints":{"allow":["GET"]}}],"collection":[{"href":"https:\/\/p31aperitivogreen.com\/de\/wp-json\/wp\/v2\/pages"}],"about":[{"href":"https:\/\/p31aperitivogreen.com\/de\/wp-json\/wp\/v2\/types\/page"}],"author":[{"embeddable":true,"href":"https:\/\/p31aperitivogreen.com\/de\/wp-json\/wp\/v2\/users\/3599"}],"replies":[{"embeddable":true,"href":"https:\/\/p31aperitivogreen.com\/de\/wp-json\/wp\/v2\/comments?post=19708"}],"version-history":[{"count":8,"href":"https:\/\/p31aperitivogreen.com\/de\/wp-json\/wp\/v2\/pages\/19708\/revisions"}],"predecessor-version":[{"id":21019,"href":"https:\/\/p31aperitivogreen.com\/de\/wp-json\/wp\/v2\/pages\/19708\/revisions\/21019"}],"wp:attachment":[{"href":"https:\/\/p31aperitivogreen.com\/de\/wp-json\/wp\/v2\/media?parent=19708"}],"curies":[{"name":"wp","href":"https:\/\/api.w.org\/{rel}","templated":true}]}}