{"id":19698,"date":"2024-03-22T14:06:27","date_gmt":"2024-03-22T13:06:27","guid":{"rendered":"https:\/\/p31aperitivogreen.com\/termini-condizioni-di-vendita\/"},"modified":"2024-04-12T09:52:41","modified_gmt":"2024-04-12T07:52:41","slug":"verkaufsbedingungen","status":"publish","type":"page","link":"https:\/\/p31aperitivogreen.com\/de\/verkaufsbedingungen\/","title":{"rendered":"Verkaufsbedingungen"},"content":{"rendered":"\t\t<div data-elementor-type=\"wp-page\" data-elementor-id=\"19698\" class=\"elementor elementor-19698 elementor-17546\" data-elementor-post-type=\"page\">\n\t\t\t\t<div class=\"elementor-element elementor-element-fd200ea e-con-full e-flex e-con e-parent\" data-id=\"fd200ea\" data-element_type=\"container\" data-e-type=\"container\">\r\n\t\t\t\t<div class=\"elementor-element elementor-element-b54d7d6 elementor-widget elementor-widget-shortcode\" data-id=\"b54d7d6\" data-element_type=\"widget\" data-e-type=\"widget\" data-widget_type=\"shortcode.default\">\n\t\t\t\t<div class=\"elementor-widget-container\">\n\t\t\t\t\t\t\t<div class=\"elementor-shortcode\"><style>.elementor-19982 .elementor-element.elementor-element-c422ea7{--display:flex;--flex-direction:row;--container-widget-width:initial;--container-widget-height:100%;--container-widget-flex-grow:1;--container-widget-align-self:stretch;--flex-wrap-mobile:wrap;--justify-content:flex-start;--padding-block-start:0px;--padding-block-end:0px;--padding-inline-start:0px;--padding-inline-end:0px;}.elementor-19982 .elementor-element.elementor-element-c422ea7:not(.elementor-motion-effects-element-type-background), .elementor-19982 .elementor-element.elementor-element-c422ea7 > .elementor-motion-effects-container > .elementor-motion-effects-layer{background-color:var( --e-global-color-5151890 );}.container-fluid .e-parent.e-con-full .e-con-boxed.elementor-element-c422ea7{--padding-inline-start:0px;--padding-inline-end:0px;}.elementor-19982 .elementor-element.elementor-element-e8d2799{--display:flex;--gap:0px 0px;--row-gap:0px;--column-gap:0px;}.elementor-19982 .elementor-element.elementor-element-37ac59a{text-align:start;}.elementor-19982 .elementor-element.elementor-element-37ac59a .elementor-heading-title{font-family:\"Poppins\", Poppins;font-size:19px;font-weight:400;text-transform:uppercase;line-height:1.6em;letter-spacing:0px;color:#FFFFFF;}.elementor-19982 .elementor-element.elementor-element-bafc28d .woocommerce-breadcrumb{color:var( --e-global-color-17922c6 );font-family:\"Poppins\", Poppins;font-size:15px;font-weight:300;line-height:1.6em;}.elementor-19982 .elementor-element.elementor-element-bafc28d .woocommerce-breadcrumb > a{color:var( --e-global-color-17922c6 );}@media(max-width:991px){.elementor-19982 .elementor-element.elementor-element-37ac59a .elementor-heading-title{font-size:17px;}.elementor-19982 .elementor-element.elementor-element-bafc28d .woocommerce-breadcrumb{font-size:17px;}}@media(max-width:767px){.elementor-19982 .elementor-element.elementor-element-37ac59a .elementor-heading-title{font-size:17px;}.elementor-19982 .elementor-element.elementor-element-bafc28d .woocommerce-breadcrumb{font-size:17px;}}<\/style><div class=\"porto-block elementor elementor-19982 elementor-18953\" data-id=\"19982\">\t\t<div data-elementor-type=\"wp-post\" data-elementor-id=\"19982\" class=\"elementor elementor-19982 elementor-18953 elementor-18953\" data-elementor-post-type=\"porto_builder\">\n\t\t\t\t<div class=\"elementor-element elementor-element-c422ea7 e-flex e-con-boxed e-con e-parent\" data-id=\"c422ea7\" data-element_type=\"container\" data-e-type=\"container\" data-settings=\"{&quot;background_background&quot;:&quot;classic&quot;}\">\r\n\t\t\t\t\t<div class=\"e-con-inner\">\r\n\t\t<div class=\"elementor-element elementor-element-e8d2799 e-flex e-con-boxed e-con e-child\" data-id=\"e8d2799\" data-element_type=\"container\" data-e-type=\"container\">\r\n\t\t\t\t\t<div class=\"e-con-inner\">\r\n\t\t\t\t<div class=\"elementor-element elementor-element-bafc28d elementor-widget elementor-widget-woocommerce-breadcrumb\" data-id=\"bafc28d\" data-element_type=\"widget\" data-e-type=\"widget\" data-widget_type=\"woocommerce-breadcrumb.default\">\n\t\t\t\t<div class=\"elementor-widget-container\">\n\t\t\t\t\t<nav class=\"woocommerce-breadcrumb\" aria-label=\"Breadcrumb\">Start<\/nav>\t\t\t\t<\/div>\n\t\t\t\t<\/div>\n\t\t\t\t\t<\/div>\n\t\t\t\t<\/div>\n\t\t\t\t\t<\/div>\n\t\t\t\t<\/div>\n\t\t\t\t<\/div>\n\t\t<\/div><\/div>\n\t\t\t\t\t\t<\/div>\n\t\t\t\t<\/div>\n\t\t\t\t<\/div>\n\t\t<div class=\"elementor-element elementor-element-06733c7 e-flex e-con-boxed e-con e-parent\" data-id=\"06733c7\" data-element_type=\"container\" data-e-type=\"container\">\r\n\t\t\t\t\t<div class=\"e-con-inner\">\r\n\t\t<div class=\"elementor-element elementor-element-f90ed96 e-flex e-con-boxed e-con e-child\" data-id=\"f90ed96\" data-element_type=\"container\" data-e-type=\"container\">\r\n\t\t\t\t\t<div class=\"e-con-inner\">\r\n\t\t\t\t<div class=\"elementor-element elementor-element-131945b elementor-widget elementor-widget-text-editor\" data-id=\"131945b\" data-element_type=\"widget\" data-e-type=\"widget\" data-widget_type=\"text-editor.default\">\n\t\t\t\t<div class=\"elementor-widget-container\">\n\t\t\t\t\t\t\t\t\t<p>Bitte lesen Sie die folgenden Allgemeinen Gesch\u00e4ftsbedingungen sorgf\u00e4ltig durch, bevor Sie einen Kauf t\u00e4tigen.<\/p><p>Indem Sie unsere Website nutzen und eine Bestellung aufgeben, erkl\u00e4ren Sie sich mit den folgenden Allgemeinen Gesch\u00e4ftsbedingungen einverstanden:<br \/><br \/><strong>Annahme von Bestellungen:<\/strong> Alle Bestellungen unterliegen der Produktverf\u00fcgbarkeit und der Annahme durch uns. Wir behalten uns das Recht vor, eine Bestellung aus beliebigem Grund, einschlie\u00dflich begrenzter Produktverf\u00fcgbarkeit oder Preisfehlern, abzulehnen oder zu stornieren.<br \/><br \/><strong>Preise:<\/strong> Die Produktpreise sind in Euro angegeben und k\u00f6nnen ohne vorherige Ank\u00fcndigung ge\u00e4ndert werden. Alle Preise verstehen sich inklusive der jeweils g\u00fcltigen Mehrwertsteuer und sonstiger Steuern, exklusive Versandkosten. Die Versandkosten werden w\u00e4hrend des Bestellvorgangs berechnet und angezeigt.<br \/><br \/><strong>Zahlung:<\/strong> Wir akzeptieren Zahlungen \u00fcber die auf unserer Website angegebenen Methoden. Die Zahlung muss vor dem Versand der Bestellung erfolgen. Beim Bezahlvorgang wird der Betrag von der von Ihnen gew\u00e4hlten Zahlungsmethode abgebucht.<br \/><br \/><strong>Versand:<\/strong> Wir versenden innerhalb der auf der Website angegebenen Zeiten. Wir k\u00f6nnen jedoch die Lieferung innerhalb eines bestimmten Zeitraums nicht garantieren und sind nicht verantwortlich f\u00fcr Verz\u00f6gerungen, die durch den Kurier oder andere Umst\u00e4nde verursacht werden, die au\u00dferhalb unserer Kontrolle liegen.<br \/><br \/><strong>R\u00fcckgaben und R\u00fcckerstattungen:<\/strong> Wir sind bestrebt, Ihre Zufriedenheit mit unseren Produkten sicherzustellen. Im Falle besch\u00e4digter Produkte finden Sie weitere Einzelheiten in unseren R\u00fcckgabebedingungen auf unserer Website.<br \/><br \/><strong>Geistiges Eigentum:<\/strong> Alle Inhalte auf unserer Website, einschlie\u00dflich Texte, Bilder, Marken und Grafiken, sind ausschlie\u00dfliches Eigentum von P31 Aperitivo Green oder seinen Lieferanten und durch das Urheberrecht und die eingetragene Marke gesch\u00fctzt.<br \/><br \/><strong>Datenschutz:<\/strong> Alle w\u00e4hrend des Kaufvorgangs angegebenen pers\u00f6nlichen Daten werden gem\u00e4\u00df unserer Datenschutzrichtlinie behandelt. Indem Sie diese Allgemeinen Gesch\u00e4ftsbedingungen akzeptieren, stimmen Sie der Verarbeitung Ihrer pers\u00f6nlichen Daten gem\u00e4\u00df unserer Datenschutzrichtlinie zu.<br \/><br \/><strong>Anwendbares Recht:<\/strong> Diese Allgemeinen Gesch\u00e4ftsbedingungen unterliegen den Gesetzen des Staates, in dem das Unternehmen registriert ist, und werden in \u00dcbereinstimmung mit diesen ausgelegt. Alle Streitigkeiten, die sich aus oder im Zusammenhang mit diesen Allgemeinen Gesch\u00e4ftsbedingungen ergeben, unterliegen der ausschlie\u00dflichen Zust\u00e4ndigkeit der zust\u00e4ndigen Gerichte des Staates, in dem das Unternehmen eingetragen ist.<br \/><br \/><strong>\u00c4nderungen der Allgemeinen Gesch\u00e4ftsbedingungen:<\/strong> Wir behalten uns das Recht vor, diese Allgemeinen Gesch\u00e4ftsbedingungen jederzeit und ohne vorherige Ank\u00fcndigung zu \u00e4ndern. Die \u00c4nderungen treten ab dem Datum der Ver\u00f6ffentlichung auf unserer Website in Kraft. Wir empfehlen Ihnen, die Allgemeinen Gesch\u00e4ftsbedingungen regelm\u00e4\u00dfig auf Aktualisierungen zu \u00fcberpr\u00fcfen.<\/p>\t\t\t\t\t\t\t\t<\/div>\n\t\t\t\t<\/div>\n\t\t\t\t\t<\/div>\n\t\t\t\t<\/div>\n\t\t\t\t\t<\/div>\n\t\t\t\t<\/div>\n\t\t\t\t<\/div>\n\t\t","protected":false},"excerpt":{"rendered":"<p>Bitte lesen Sie die folgenden Allgemeinen Gesch\u00e4ftsbedingungen sorgf\u00e4ltig durch, bevor Sie einen Kauf t\u00e4tigen. Indem Sie unsere Website nutzen und eine Bestellung aufgeben, erkl\u00e4ren Sie sich mit den folgenden Allgemeinen Gesch\u00e4ftsbedingungen einverstanden: Annahme von Bestellungen: Alle Bestellungen unterliegen der Produktverf\u00fcgbarkeit und der Annahme durch uns. Wir behalten uns das Recht vor, eine Bestellung aus beliebigem [&hellip;]<\/p>\n","protected":false},"author":3599,"featured_media":0,"parent":0,"menu_order":15,"comment_status":"closed","ping_status":"closed","template":"","meta":{"_acf_changed":false,"_lmt_disableupdate":"","_lmt_disable":"","footnotes":""},"class_list":["post-19698","page","type-page","status-publish","hentry"],"acf":[],"yoast_head":"<!-- This site is optimized with the Yoast SEO plugin v27.4 - https:\/\/yoast.com\/product\/yoast-seo-wordpress\/ -->\n<title>Verkaufsbedingungen - P31 Aperitivo Green Spritz<\/title>\n<meta name=\"robots\" content=\"index, follow, max-snippet:-1, max-image-preview:large, max-video-preview:-1\" \/>\n<link rel=\"canonical\" href=\"https:\/\/p31aperitivogreen.com\/de\/verkaufsbedingungen\/\" \/>\n<meta property=\"og:locale\" content=\"de_DE\" \/>\n<meta property=\"og:type\" content=\"article\" \/>\n<meta property=\"og:title\" content=\"Verkaufsbedingungen - P31 Aperitivo Green Spritz\" \/>\n<meta property=\"og:description\" content=\"Bitte lesen Sie die folgenden Allgemeinen Gesch\u00e4ftsbedingungen sorgf\u00e4ltig durch, bevor Sie einen Kauf t\u00e4tigen. Indem Sie unsere Website nutzen und eine Bestellung aufgeben, erkl\u00e4ren Sie sich mit den folgenden Allgemeinen Gesch\u00e4ftsbedingungen einverstanden: Annahme von Bestellungen: Alle Bestellungen unterliegen der Produktverf\u00fcgbarkeit und der Annahme durch uns. Wir behalten uns das Recht vor, eine Bestellung aus beliebigem [&hellip;]\" \/>\n<meta property=\"og:url\" content=\"https:\/\/p31aperitivogreen.com\/de\/verkaufsbedingungen\/\" \/>\n<meta property=\"og:site_name\" content=\"P31 Aperitivo Green Spritz\" \/>\n<meta property=\"article:publisher\" content=\"https:\/\/www.facebook.com\/P31aperitivogreen\" \/>\n<meta property=\"article:modified_time\" content=\"2024-04-12T07:52:41+00:00\" \/>\n<meta property=\"og:image\" content=\"https:\/\/p31aperitivogreen.com\/wp-content\/uploads\/2024\/04\/sfondo-sito.png\" \/>\n\t<meta property=\"og:image:width\" content=\"1137\" \/>\n\t<meta property=\"og:image:height\" content=\"762\" \/>\n\t<meta property=\"og:image:type\" content=\"image\/png\" \/>\n<meta name=\"twitter:card\" content=\"summary_large_image\" \/>\n<meta name=\"twitter:label1\" content=\"Gesch\u00e4tzte Lesezeit\" \/>\n\t<meta name=\"twitter:data1\" content=\"3\u00a0Minuten\" \/>\n<script type=\"application\/ld+json\" class=\"yoast-schema-graph\">{\"@context\":\"https:\\\/\\\/schema.org\",\"@graph\":[{\"@type\":\"WebPage\",\"@id\":\"https:\\\/\\\/p31aperitivogreen.com\\\/de\\\/verkaufsbedingungen\\\/\",\"url\":\"https:\\\/\\\/p31aperitivogreen.com\\\/de\\\/verkaufsbedingungen\\\/\",\"name\":\"Verkaufsbedingungen - P31 Aperitivo Green Spritz\",\"isPartOf\":{\"@id\":\"https:\\\/\\\/p31aperitivogreen.com\\\/de\\\/#website\"},\"datePublished\":\"2024-03-22T13:06:27+00:00\",\"dateModified\":\"2024-04-12T07:52:41+00:00\",\"breadcrumb\":{\"@id\":\"https:\\\/\\\/p31aperitivogreen.com\\\/de\\\/verkaufsbedingungen\\\/#breadcrumb\"},\"inLanguage\":\"de\",\"potentialAction\":[{\"@type\":\"ReadAction\",\"target\":[\"https:\\\/\\\/p31aperitivogreen.com\\\/de\\\/verkaufsbedingungen\\\/\"]}]},{\"@type\":\"BreadcrumbList\",\"@id\":\"https:\\\/\\\/p31aperitivogreen.com\\\/de\\\/verkaufsbedingungen\\\/#breadcrumb\",\"itemListElement\":[{\"@type\":\"ListItem\",\"position\":1,\"name\":\"Home\",\"item\":\"https:\\\/\\\/p31aperitivogreen.com\\\/de\\\/\"},{\"@type\":\"ListItem\",\"position\":2,\"name\":\"Verkaufsbedingungen\"}]},{\"@type\":\"WebSite\",\"@id\":\"https:\\\/\\\/p31aperitivogreen.com\\\/de\\\/#website\",\"url\":\"https:\\\/\\\/p31aperitivogreen.com\\\/de\\\/\",\"name\":\"P31 Aperitivo Green\",\"description\":\"Prodotti per Aperitivi, Cocktail, Spritz, Mixology dal colore verde\",\"publisher\":{\"@id\":\"https:\\\/\\\/p31aperitivogreen.com\\\/de\\\/#organization\"},\"potentialAction\":[{\"@type\":\"SearchAction\",\"target\":{\"@type\":\"EntryPoint\",\"urlTemplate\":\"https:\\\/\\\/p31aperitivogreen.com\\\/de\\\/?s={search_term_string}\"},\"query-input\":{\"@type\":\"PropertyValueSpecification\",\"valueRequired\":true,\"valueName\":\"search_term_string\"}}],\"inLanguage\":\"de\"},{\"@type\":\"Organization\",\"@id\":\"https:\\\/\\\/p31aperitivogreen.com\\\/de\\\/#organization\",\"name\":\"P31 srl\",\"url\":\"https:\\\/\\\/p31aperitivogreen.com\\\/de\\\/\",\"logo\":{\"@type\":\"ImageObject\",\"inLanguage\":\"de\",\"@id\":\"https:\\\/\\\/p31aperitivogreen.com\\\/de\\\/#\\\/schema\\\/logo\\\/image\\\/\",\"url\":\"https:\\\/\\\/p31aperitivogreen.com\\\/wp-content\\\/uploads\\\/2024\\\/03\\\/logo-p31-bianco.svg\",\"contentUrl\":\"https:\\\/\\\/p31aperitivogreen.com\\\/wp-content\\\/uploads\\\/2024\\\/03\\\/logo-p31-bianco.svg\",\"width\":113,\"height\":90,\"caption\":\"P31 srl\"},\"image\":{\"@id\":\"https:\\\/\\\/p31aperitivogreen.com\\\/de\\\/#\\\/schema\\\/logo\\\/image\\\/\"},\"sameAs\":[\"https:\\\/\\\/www.facebook.com\\\/P31aperitivogreen\",\"https:\\\/\\\/www.instagram.com\\\/p31aperitivogreen\\\/\"]}]}<\/script>\n<!-- \/ Yoast SEO plugin. -->","yoast_head_json":{"title":"Verkaufsbedingungen - P31 Aperitivo Green Spritz","robots":{"index":"index","follow":"follow","max-snippet":"max-snippet:-1","max-image-preview":"max-image-preview:large","max-video-preview":"max-video-preview:-1"},"canonical":"https:\/\/p31aperitivogreen.com\/de\/verkaufsbedingungen\/","og_locale":"de_DE","og_type":"article","og_title":"Verkaufsbedingungen - P31 Aperitivo Green Spritz","og_description":"Bitte lesen Sie die folgenden Allgemeinen Gesch\u00e4ftsbedingungen sorgf\u00e4ltig durch, bevor Sie einen Kauf t\u00e4tigen. Indem Sie unsere Website nutzen und eine Bestellung aufgeben, erkl\u00e4ren Sie sich mit den folgenden Allgemeinen Gesch\u00e4ftsbedingungen einverstanden: Annahme von Bestellungen: Alle Bestellungen unterliegen der Produktverf\u00fcgbarkeit und der Annahme durch uns. Wir behalten uns das Recht vor, eine Bestellung aus beliebigem [&hellip;]","og_url":"https:\/\/p31aperitivogreen.com\/de\/verkaufsbedingungen\/","og_site_name":"P31 Aperitivo Green Spritz","article_publisher":"https:\/\/www.facebook.com\/P31aperitivogreen","article_modified_time":"2024-04-12T07:52:41+00:00","og_image":[{"width":1137,"height":762,"url":"https:\/\/p31aperitivogreen.com\/wp-content\/uploads\/2024\/04\/sfondo-sito.png","type":"image\/png"}],"twitter_card":"summary_large_image","twitter_misc":{"Gesch\u00e4tzte Lesezeit":"3\u00a0Minuten"},"schema":{"@context":"https:\/\/schema.org","@graph":[{"@type":"WebPage","@id":"https:\/\/p31aperitivogreen.com\/de\/verkaufsbedingungen\/","url":"https:\/\/p31aperitivogreen.com\/de\/verkaufsbedingungen\/","name":"Verkaufsbedingungen - P31 Aperitivo Green Spritz","isPartOf":{"@id":"https:\/\/p31aperitivogreen.com\/de\/#website"},"datePublished":"2024-03-22T13:06:27+00:00","dateModified":"2024-04-12T07:52:41+00:00","breadcrumb":{"@id":"https:\/\/p31aperitivogreen.com\/de\/verkaufsbedingungen\/#breadcrumb"},"inLanguage":"de","potentialAction":[{"@type":"ReadAction","target":["https:\/\/p31aperitivogreen.com\/de\/verkaufsbedingungen\/"]}]},{"@type":"BreadcrumbList","@id":"https:\/\/p31aperitivogreen.com\/de\/verkaufsbedingungen\/#breadcrumb","itemListElement":[{"@type":"ListItem","position":1,"name":"Home","item":"https:\/\/p31aperitivogreen.com\/de\/"},{"@type":"ListItem","position":2,"name":"Verkaufsbedingungen"}]},{"@type":"WebSite","@id":"https:\/\/p31aperitivogreen.com\/de\/#website","url":"https:\/\/p31aperitivogreen.com\/de\/","name":"P31 Aperitivo Green","description":"Prodotti per Aperitivi, Cocktail, Spritz, Mixology dal colore verde","publisher":{"@id":"https:\/\/p31aperitivogreen.com\/de\/#organization"},"potentialAction":[{"@type":"SearchAction","target":{"@type":"EntryPoint","urlTemplate":"https:\/\/p31aperitivogreen.com\/de\/?s={search_term_string}"},"query-input":{"@type":"PropertyValueSpecification","valueRequired":true,"valueName":"search_term_string"}}],"inLanguage":"de"},{"@type":"Organization","@id":"https:\/\/p31aperitivogreen.com\/de\/#organization","name":"P31 srl","url":"https:\/\/p31aperitivogreen.com\/de\/","logo":{"@type":"ImageObject","inLanguage":"de","@id":"https:\/\/p31aperitivogreen.com\/de\/#\/schema\/logo\/image\/","url":"https:\/\/p31aperitivogreen.com\/wp-content\/uploads\/2024\/03\/logo-p31-bianco.svg","contentUrl":"https:\/\/p31aperitivogreen.com\/wp-content\/uploads\/2024\/03\/logo-p31-bianco.svg","width":113,"height":90,"caption":"P31 srl"},"image":{"@id":"https:\/\/p31aperitivogreen.com\/de\/#\/schema\/logo\/image\/"},"sameAs":["https:\/\/www.facebook.com\/P31aperitivogreen","https:\/\/www.instagram.com\/p31aperitivogreen\/"]}]}},"_links":{"self":[{"href":"https:\/\/p31aperitivogreen.com\/de\/wp-json\/wp\/v2\/pages\/19698","targetHints":{"allow":["GET"]}}],"collection":[{"href":"https:\/\/p31aperitivogreen.com\/de\/wp-json\/wp\/v2\/pages"}],"about":[{"href":"https:\/\/p31aperitivogreen.com\/de\/wp-json\/wp\/v2\/types\/page"}],"author":[{"embeddable":true,"href":"https:\/\/p31aperitivogreen.com\/de\/wp-json\/wp\/v2\/users\/3599"}],"replies":[{"embeddable":true,"href":"https:\/\/p31aperitivogreen.com\/de\/wp-json\/wp\/v2\/comments?post=19698"}],"version-history":[{"count":14,"href":"https:\/\/p31aperitivogreen.com\/de\/wp-json\/wp\/v2\/pages\/19698\/revisions"}],"predecessor-version":[{"id":21015,"href":"https:\/\/p31aperitivogreen.com\/de\/wp-json\/wp\/v2\/pages\/19698\/revisions\/21015"}],"wp:attachment":[{"href":"https:\/\/p31aperitivogreen.com\/de\/wp-json\/wp\/v2\/media?parent=19698"}],"curies":[{"name":"wp","href":"https:\/\/api.w.org\/{rel}","templated":true}]}}