{"id":19696,"date":"2024-03-22T14:06:46","date_gmt":"2024-03-22T13:06:46","guid":{"rendered":"https:\/\/p31aperitivogreen.com\/resi-e-spedizioni\/"},"modified":"2024-04-12T10:10:30","modified_gmt":"2024-04-12T08:10:30","slug":"ruecksendungen-und-versand","status":"publish","type":"page","link":"https:\/\/p31aperitivogreen.com\/de\/ruecksendungen-und-versand\/","title":{"rendered":"R\u00fccksendungen und Versand"},"content":{"rendered":"\t\t<div data-elementor-type=\"wp-page\" data-elementor-id=\"19696\" class=\"elementor elementor-19696 elementor-17548\" data-elementor-post-type=\"page\">\n\t\t\t\t<div class=\"elementor-element elementor-element-da92263 e-con-full e-flex e-con e-parent\" data-id=\"da92263\" data-element_type=\"container\" data-e-type=\"container\">\r\n\t\t\t\t<div class=\"elementor-element elementor-element-7fca9ca elementor-widget elementor-widget-shortcode\" data-id=\"7fca9ca\" data-element_type=\"widget\" data-e-type=\"widget\" data-widget_type=\"shortcode.default\">\n\t\t\t\t<div class=\"elementor-widget-container\">\n\t\t\t\t\t\t\t<div class=\"elementor-shortcode\"><style>.elementor-19982 .elementor-element.elementor-element-c422ea7{--display:flex;--flex-direction:row;--container-widget-width:initial;--container-widget-height:100%;--container-widget-flex-grow:1;--container-widget-align-self:stretch;--flex-wrap-mobile:wrap;--justify-content:flex-start;--padding-block-start:0px;--padding-block-end:0px;--padding-inline-start:0px;--padding-inline-end:0px;}.elementor-19982 .elementor-element.elementor-element-c422ea7:not(.elementor-motion-effects-element-type-background), .elementor-19982 .elementor-element.elementor-element-c422ea7 > .elementor-motion-effects-container > .elementor-motion-effects-layer{background-color:var( --e-global-color-5151890 );}.container-fluid .e-parent.e-con-full .e-con-boxed.elementor-element-c422ea7{--padding-inline-start:0px;--padding-inline-end:0px;}.elementor-19982 .elementor-element.elementor-element-e8d2799{--display:flex;--gap:0px 0px;--row-gap:0px;--column-gap:0px;}.elementor-19982 .elementor-element.elementor-element-37ac59a{text-align:start;}.elementor-19982 .elementor-element.elementor-element-37ac59a .elementor-heading-title{font-family:\"Poppins\", Poppins;font-size:19px;font-weight:400;text-transform:uppercase;line-height:1.6em;letter-spacing:0px;color:#FFFFFF;}.elementor-19982 .elementor-element.elementor-element-bafc28d .woocommerce-breadcrumb{color:var( --e-global-color-17922c6 );font-family:\"Poppins\", Poppins;font-size:15px;font-weight:300;line-height:1.6em;}.elementor-19982 .elementor-element.elementor-element-bafc28d .woocommerce-breadcrumb > a{color:var( --e-global-color-17922c6 );}@media(max-width:991px){.elementor-19982 .elementor-element.elementor-element-37ac59a .elementor-heading-title{font-size:17px;}.elementor-19982 .elementor-element.elementor-element-bafc28d .woocommerce-breadcrumb{font-size:17px;}}@media(max-width:767px){.elementor-19982 .elementor-element.elementor-element-37ac59a .elementor-heading-title{font-size:17px;}.elementor-19982 .elementor-element.elementor-element-bafc28d .woocommerce-breadcrumb{font-size:17px;}}<\/style><div class=\"porto-block elementor elementor-19982 elementor-18953\" data-id=\"19982\">\t\t<div data-elementor-type=\"wp-post\" data-elementor-id=\"19982\" class=\"elementor elementor-19982 elementor-18953 elementor-18953\" data-elementor-post-type=\"porto_builder\">\n\t\t\t\t<div class=\"elementor-element elementor-element-c422ea7 e-flex e-con-boxed e-con e-parent\" data-id=\"c422ea7\" data-element_type=\"container\" data-e-type=\"container\" data-settings=\"{&quot;background_background&quot;:&quot;classic&quot;}\">\r\n\t\t\t\t\t<div class=\"e-con-inner\">\r\n\t\t<div class=\"elementor-element elementor-element-e8d2799 e-flex e-con-boxed e-con e-child\" data-id=\"e8d2799\" data-element_type=\"container\" data-e-type=\"container\">\r\n\t\t\t\t\t<div class=\"e-con-inner\">\r\n\t\t\t\t<div class=\"elementor-element elementor-element-bafc28d elementor-widget elementor-widget-woocommerce-breadcrumb\" data-id=\"bafc28d\" data-element_type=\"widget\" data-e-type=\"widget\" data-widget_type=\"woocommerce-breadcrumb.default\">\n\t\t\t\t<div class=\"elementor-widget-container\">\n\t\t\t\t\t<nav class=\"woocommerce-breadcrumb\" aria-label=\"Breadcrumb\">Start<\/nav>\t\t\t\t<\/div>\n\t\t\t\t<\/div>\n\t\t\t\t\t<\/div>\n\t\t\t\t<\/div>\n\t\t\t\t\t<\/div>\n\t\t\t\t<\/div>\n\t\t\t\t<\/div>\n\t\t<\/div><\/div>\n\t\t\t\t\t\t<\/div>\n\t\t\t\t<\/div>\n\t\t\t\t<\/div>\n\t\t<div class=\"elementor-element elementor-element-e2574f9 e-flex e-con-boxed e-con e-parent\" data-id=\"e2574f9\" data-element_type=\"container\" data-e-type=\"container\">\r\n\t\t\t\t\t<div class=\"e-con-inner\">\r\n\t\t<div class=\"elementor-element elementor-element-a1d6200 e-flex e-con-boxed e-con e-child\" data-id=\"a1d6200\" data-element_type=\"container\" data-e-type=\"container\">\r\n\t\t\t\t\t<div class=\"e-con-inner\">\r\n\t\t\t\t<div class=\"elementor-element elementor-element-1646105 elementor-widget elementor-widget-text-editor\" data-id=\"1646105\" data-element_type=\"widget\" data-e-type=\"widget\" data-widget_type=\"text-editor.default\">\n\t\t\t\t<div class=\"elementor-widget-container\">\n\t\t\t\t\t\t\t\t\t<p>Wir sind bestrebt, Ihre Zufriedenheit mit unseren Produkten sicherzustellen. Um f\u00fcr eine R\u00fcckgabe berechtigt zu sein, m\u00fcssen sich die Produkte im Originalzustand, unbenutzt und mit intakter Verpackung befinden.<\/p><p><br \/>Um den R\u00fccksendevorgang zu starten, kontaktieren Sie uns bitte \u00fcber das Kontaktformular und geben Sie Ihre Bestellnummer und Angaben zum zur\u00fcckzusendenden Produkt an. Sie erhalten von uns detaillierte Hinweise zum Ablauf der R\u00fccksendung.<\/p><p>Wir versenden innerhalb von 24 Stunden nach Auftragsbearbeitung. Nach dem Versand erhalten Sie eine Benachrichtigung mit Informationen zur Kurierverfolgung.<\/p><p>Die Versandkosten werden w\u00e4hrend des Bestellvorgangs basierend auf Paketgewicht und Zielort berechnet. Ausgenommen sind Angebote und Aktionen.<\/p><p><br \/>Wir k\u00f6nnen die Lieferung innerhalb eines bestimmten Zeitraums nicht garantieren und sind nicht verantwortlich f\u00fcr Verz\u00f6gerungen, die durch den Kurier oder Umst\u00e4nde verursacht werden, die au\u00dferhalb unserer Kontrolle liegen.<\/p><p>Wenn Sie Fragen oder Bedenken zu unseren R\u00fcckgabe- und Versandrichtlinien haben, kontaktieren Sie uns bitte \u00fcber das Kontaktformular.<\/p>\t\t\t\t\t\t\t\t<\/div>\n\t\t\t\t<\/div>\n\t\t\t\t\t<\/div>\n\t\t\t\t<\/div>\n\t\t\t\t\t<\/div>\n\t\t\t\t<\/div>\n\t\t\t\t<\/div>\n\t\t","protected":false},"excerpt":{"rendered":"<p>Wir sind bestrebt, Ihre Zufriedenheit mit unseren Produkten sicherzustellen. Um f\u00fcr eine R\u00fcckgabe berechtigt zu sein, m\u00fcssen sich die Produkte im Originalzustand, unbenutzt und mit intakter Verpackung befinden. Um den R\u00fccksendevorgang zu starten, kontaktieren Sie uns bitte \u00fcber das Kontaktformular und geben Sie Ihre Bestellnummer und Angaben zum zur\u00fcckzusendenden Produkt an. Sie erhalten von uns [&hellip;]<\/p>\n","protected":false},"author":3599,"featured_media":0,"parent":0,"menu_order":15,"comment_status":"closed","ping_status":"closed","template":"","meta":{"_acf_changed":false,"_lmt_disableupdate":"","_lmt_disable":"","footnotes":""},"class_list":["post-19696","page","type-page","status-publish","hentry"],"acf":[],"yoast_head":"<!-- This site is optimized with the Yoast SEO plugin v27.4 - https:\/\/yoast.com\/product\/yoast-seo-wordpress\/ -->\n<title>R\u00fccksendungen und Versand - P31 Aperitivo Green Spritz<\/title>\n<meta name=\"robots\" content=\"index, follow, max-snippet:-1, max-image-preview:large, max-video-preview:-1\" \/>\n<link rel=\"canonical\" href=\"https:\/\/p31aperitivogreen.com\/de\/ruecksendungen-und-versand\/\" \/>\n<meta property=\"og:locale\" content=\"de_DE\" \/>\n<meta property=\"og:type\" content=\"article\" \/>\n<meta property=\"og:title\" content=\"R\u00fccksendungen und Versand - P31 Aperitivo Green Spritz\" \/>\n<meta property=\"og:description\" content=\"Wir sind bestrebt, Ihre Zufriedenheit mit unseren Produkten sicherzustellen. Um f\u00fcr eine R\u00fcckgabe berechtigt zu sein, m\u00fcssen sich die Produkte im Originalzustand, unbenutzt und mit intakter Verpackung befinden. Um den R\u00fccksendevorgang zu starten, kontaktieren Sie uns bitte \u00fcber das Kontaktformular und geben Sie Ihre Bestellnummer und Angaben zum zur\u00fcckzusendenden Produkt an. Sie erhalten von uns [&hellip;]\" \/>\n<meta property=\"og:url\" content=\"https:\/\/p31aperitivogreen.com\/de\/ruecksendungen-und-versand\/\" \/>\n<meta property=\"og:site_name\" content=\"P31 Aperitivo Green Spritz\" \/>\n<meta property=\"article:publisher\" content=\"https:\/\/www.facebook.com\/P31aperitivogreen\" \/>\n<meta property=\"article:modified_time\" content=\"2024-04-12T08:10:30+00:00\" \/>\n<meta property=\"og:image\" content=\"https:\/\/p31aperitivogreen.com\/wp-content\/uploads\/2024\/04\/sfondo-sito.png\" \/>\n\t<meta property=\"og:image:width\" content=\"1137\" \/>\n\t<meta property=\"og:image:height\" content=\"762\" \/>\n\t<meta property=\"og:image:type\" content=\"image\/png\" \/>\n<meta name=\"twitter:card\" content=\"summary_large_image\" \/>\n<meta name=\"twitter:label1\" content=\"Gesch\u00e4tzte Lesezeit\" \/>\n\t<meta name=\"twitter:data1\" content=\"1\u00a0Minute\" \/>\n<script type=\"application\/ld+json\" class=\"yoast-schema-graph\">{\"@context\":\"https:\\\/\\\/schema.org\",\"@graph\":[{\"@type\":\"WebPage\",\"@id\":\"https:\\\/\\\/p31aperitivogreen.com\\\/de\\\/ruecksendungen-und-versand\\\/\",\"url\":\"https:\\\/\\\/p31aperitivogreen.com\\\/de\\\/ruecksendungen-und-versand\\\/\",\"name\":\"R\u00fccksendungen und Versand - P31 Aperitivo Green Spritz\",\"isPartOf\":{\"@id\":\"https:\\\/\\\/p31aperitivogreen.com\\\/de\\\/#website\"},\"datePublished\":\"2024-03-22T13:06:46+00:00\",\"dateModified\":\"2024-04-12T08:10:30+00:00\",\"breadcrumb\":{\"@id\":\"https:\\\/\\\/p31aperitivogreen.com\\\/de\\\/ruecksendungen-und-versand\\\/#breadcrumb\"},\"inLanguage\":\"de\",\"potentialAction\":[{\"@type\":\"ReadAction\",\"target\":[\"https:\\\/\\\/p31aperitivogreen.com\\\/de\\\/ruecksendungen-und-versand\\\/\"]}]},{\"@type\":\"BreadcrumbList\",\"@id\":\"https:\\\/\\\/p31aperitivogreen.com\\\/de\\\/ruecksendungen-und-versand\\\/#breadcrumb\",\"itemListElement\":[{\"@type\":\"ListItem\",\"position\":1,\"name\":\"Home\",\"item\":\"https:\\\/\\\/p31aperitivogreen.com\\\/de\\\/\"},{\"@type\":\"ListItem\",\"position\":2,\"name\":\"R\u00fccksendungen und Versand\"}]},{\"@type\":\"WebSite\",\"@id\":\"https:\\\/\\\/p31aperitivogreen.com\\\/de\\\/#website\",\"url\":\"https:\\\/\\\/p31aperitivogreen.com\\\/de\\\/\",\"name\":\"P31 Aperitivo Green\",\"description\":\"Prodotti per Aperitivi, Cocktail, Spritz, Mixology dal colore verde\",\"publisher\":{\"@id\":\"https:\\\/\\\/p31aperitivogreen.com\\\/de\\\/#organization\"},\"potentialAction\":[{\"@type\":\"SearchAction\",\"target\":{\"@type\":\"EntryPoint\",\"urlTemplate\":\"https:\\\/\\\/p31aperitivogreen.com\\\/de\\\/?s={search_term_string}\"},\"query-input\":{\"@type\":\"PropertyValueSpecification\",\"valueRequired\":true,\"valueName\":\"search_term_string\"}}],\"inLanguage\":\"de\"},{\"@type\":\"Organization\",\"@id\":\"https:\\\/\\\/p31aperitivogreen.com\\\/de\\\/#organization\",\"name\":\"P31 srl\",\"url\":\"https:\\\/\\\/p31aperitivogreen.com\\\/de\\\/\",\"logo\":{\"@type\":\"ImageObject\",\"inLanguage\":\"de\",\"@id\":\"https:\\\/\\\/p31aperitivogreen.com\\\/de\\\/#\\\/schema\\\/logo\\\/image\\\/\",\"url\":\"https:\\\/\\\/p31aperitivogreen.com\\\/wp-content\\\/uploads\\\/2024\\\/03\\\/logo-p31-bianco.svg\",\"contentUrl\":\"https:\\\/\\\/p31aperitivogreen.com\\\/wp-content\\\/uploads\\\/2024\\\/03\\\/logo-p31-bianco.svg\",\"width\":113,\"height\":90,\"caption\":\"P31 srl\"},\"image\":{\"@id\":\"https:\\\/\\\/p31aperitivogreen.com\\\/de\\\/#\\\/schema\\\/logo\\\/image\\\/\"},\"sameAs\":[\"https:\\\/\\\/www.facebook.com\\\/P31aperitivogreen\",\"https:\\\/\\\/www.instagram.com\\\/p31aperitivogreen\\\/\"]}]}<\/script>\n<!-- \/ Yoast SEO plugin. -->","yoast_head_json":{"title":"R\u00fccksendungen und Versand - P31 Aperitivo Green Spritz","robots":{"index":"index","follow":"follow","max-snippet":"max-snippet:-1","max-image-preview":"max-image-preview:large","max-video-preview":"max-video-preview:-1"},"canonical":"https:\/\/p31aperitivogreen.com\/de\/ruecksendungen-und-versand\/","og_locale":"de_DE","og_type":"article","og_title":"R\u00fccksendungen und Versand - P31 Aperitivo Green Spritz","og_description":"Wir sind bestrebt, Ihre Zufriedenheit mit unseren Produkten sicherzustellen. Um f\u00fcr eine R\u00fcckgabe berechtigt zu sein, m\u00fcssen sich die Produkte im Originalzustand, unbenutzt und mit intakter Verpackung befinden. Um den R\u00fccksendevorgang zu starten, kontaktieren Sie uns bitte \u00fcber das Kontaktformular und geben Sie Ihre Bestellnummer und Angaben zum zur\u00fcckzusendenden Produkt an. Sie erhalten von uns [&hellip;]","og_url":"https:\/\/p31aperitivogreen.com\/de\/ruecksendungen-und-versand\/","og_site_name":"P31 Aperitivo Green Spritz","article_publisher":"https:\/\/www.facebook.com\/P31aperitivogreen","article_modified_time":"2024-04-12T08:10:30+00:00","og_image":[{"width":1137,"height":762,"url":"https:\/\/p31aperitivogreen.com\/wp-content\/uploads\/2024\/04\/sfondo-sito.png","type":"image\/png"}],"twitter_card":"summary_large_image","twitter_misc":{"Gesch\u00e4tzte Lesezeit":"1\u00a0Minute"},"schema":{"@context":"https:\/\/schema.org","@graph":[{"@type":"WebPage","@id":"https:\/\/p31aperitivogreen.com\/de\/ruecksendungen-und-versand\/","url":"https:\/\/p31aperitivogreen.com\/de\/ruecksendungen-und-versand\/","name":"R\u00fccksendungen und Versand - P31 Aperitivo Green Spritz","isPartOf":{"@id":"https:\/\/p31aperitivogreen.com\/de\/#website"},"datePublished":"2024-03-22T13:06:46+00:00","dateModified":"2024-04-12T08:10:30+00:00","breadcrumb":{"@id":"https:\/\/p31aperitivogreen.com\/de\/ruecksendungen-und-versand\/#breadcrumb"},"inLanguage":"de","potentialAction":[{"@type":"ReadAction","target":["https:\/\/p31aperitivogreen.com\/de\/ruecksendungen-und-versand\/"]}]},{"@type":"BreadcrumbList","@id":"https:\/\/p31aperitivogreen.com\/de\/ruecksendungen-und-versand\/#breadcrumb","itemListElement":[{"@type":"ListItem","position":1,"name":"Home","item":"https:\/\/p31aperitivogreen.com\/de\/"},{"@type":"ListItem","position":2,"name":"R\u00fccksendungen und Versand"}]},{"@type":"WebSite","@id":"https:\/\/p31aperitivogreen.com\/de\/#website","url":"https:\/\/p31aperitivogreen.com\/de\/","name":"P31 Aperitivo Green","description":"Prodotti per Aperitivi, Cocktail, Spritz, Mixology dal colore verde","publisher":{"@id":"https:\/\/p31aperitivogreen.com\/de\/#organization"},"potentialAction":[{"@type":"SearchAction","target":{"@type":"EntryPoint","urlTemplate":"https:\/\/p31aperitivogreen.com\/de\/?s={search_term_string}"},"query-input":{"@type":"PropertyValueSpecification","valueRequired":true,"valueName":"search_term_string"}}],"inLanguage":"de"},{"@type":"Organization","@id":"https:\/\/p31aperitivogreen.com\/de\/#organization","name":"P31 srl","url":"https:\/\/p31aperitivogreen.com\/de\/","logo":{"@type":"ImageObject","inLanguage":"de","@id":"https:\/\/p31aperitivogreen.com\/de\/#\/schema\/logo\/image\/","url":"https:\/\/p31aperitivogreen.com\/wp-content\/uploads\/2024\/03\/logo-p31-bianco.svg","contentUrl":"https:\/\/p31aperitivogreen.com\/wp-content\/uploads\/2024\/03\/logo-p31-bianco.svg","width":113,"height":90,"caption":"P31 srl"},"image":{"@id":"https:\/\/p31aperitivogreen.com\/de\/#\/schema\/logo\/image\/"},"sameAs":["https:\/\/www.facebook.com\/P31aperitivogreen","https:\/\/www.instagram.com\/p31aperitivogreen\/"]}]}},"_links":{"self":[{"href":"https:\/\/p31aperitivogreen.com\/de\/wp-json\/wp\/v2\/pages\/19696","targetHints":{"allow":["GET"]}}],"collection":[{"href":"https:\/\/p31aperitivogreen.com\/de\/wp-json\/wp\/v2\/pages"}],"about":[{"href":"https:\/\/p31aperitivogreen.com\/de\/wp-json\/wp\/v2\/types\/page"}],"author":[{"embeddable":true,"href":"https:\/\/p31aperitivogreen.com\/de\/wp-json\/wp\/v2\/users\/3599"}],"replies":[{"embeddable":true,"href":"https:\/\/p31aperitivogreen.com\/de\/wp-json\/wp\/v2\/comments?post=19696"}],"version-history":[{"count":9,"href":"https:\/\/p31aperitivogreen.com\/de\/wp-json\/wp\/v2\/pages\/19696\/revisions"}],"predecessor-version":[{"id":21026,"href":"https:\/\/p31aperitivogreen.com\/de\/wp-json\/wp\/v2\/pages\/19696\/revisions\/21026"}],"wp:attachment":[{"href":"https:\/\/p31aperitivogreen.com\/de\/wp-json\/wp\/v2\/media?parent=19696"}],"curies":[{"name":"wp","href":"https:\/\/api.w.org\/{rel}","templated":true}]}}