{"id":15351,"date":"2020-03-04T15:20:54","date_gmt":"2020-03-04T14:20:54","guid":{"rendered":"https:\/\/p31.we-dev.it\/?page_id=15351"},"modified":"2024-04-02T12:10:32","modified_gmt":"2024-04-02T10:10:32","slug":"blog","status":"publish","type":"page","link":"https:\/\/p31aperitivogreen.com\/de\/blog\/","title":{"rendered":"Blog"},"content":{"rendered":"\t\t<div data-elementor-type=\"wp-page\" data-elementor-id=\"15351\" class=\"elementor elementor-15351 elementor-6686\" data-elementor-post-type=\"page\">\n\t\t\t\t<div class=\"elementor-element elementor-element-9b6f36c e-con-full e-flex e-con e-parent\" data-id=\"9b6f36c\" data-element_type=\"container\" data-e-type=\"container\">\r\n\t\t\t\t<div class=\"elementor-element elementor-element-6df1261 elementor-widget elementor-widget-shortcode\" data-id=\"6df1261\" data-element_type=\"widget\" data-e-type=\"widget\" data-widget_type=\"shortcode.default\">\n\t\t\t\t<div class=\"elementor-widget-container\">\n\t\t\t\t\t\t\t<div class=\"elementor-shortcode\"><style>.elementor-19984 .elementor-element.elementor-element-f6e43d0{--display:flex;--min-height:28vh;--flex-direction:column;--container-widget-width:calc( ( 1 - var( --container-widget-flex-grow ) ) * 100% );--container-widget-height:initial;--container-widget-flex-grow:0;--container-widget-align-self:initial;--flex-wrap-mobile:wrap;--justify-content:flex-end;--align-items:center;--gap:20px 20px;--row-gap:20px;--column-gap:20px;--overlay-opacity:0.1;--padding-block-start:0%;--padding-block-end:2%;--padding-inline-start:0%;--padding-inline-end:0%;}.elementor-19984 .elementor-element.elementor-element-f6e43d0:not(.elementor-motion-effects-element-type-background), .elementor-19984 .elementor-element.elementor-element-f6e43d0 > .elementor-motion-effects-container > .elementor-motion-effects-layer{background-image:url(\"https:\/\/p31aperitivogreen.com\/wp-content\/uploads\/2024\/03\/p31-green-cocktail5.jpg\");background-position:center center;background-repeat:no-repeat;background-size:cover;}.elementor-19984 .elementor-element.elementor-element-f6e43d0::before, .elementor-19984 .elementor-element.elementor-element-f6e43d0 > .elementor-background-video-container::before, .elementor-19984 .elementor-element.elementor-element-f6e43d0 > .e-con-inner > .elementor-background-video-container::before, .elementor-19984 .elementor-element.elementor-element-f6e43d0 > .elementor-background-slideshow::before, .elementor-19984 .elementor-element.elementor-element-f6e43d0 > .e-con-inner > .elementor-background-slideshow::before, .elementor-19984 .elementor-element.elementor-element-f6e43d0 > .elementor-motion-effects-container > .elementor-motion-effects-layer::before{background-color:#02010170;--background-overlay:'';}.container-fluid .e-parent.e-con-full .e-con-boxed.elementor-element-f6e43d0{--padding-inline-start:0%;--padding-inline-end:0%;}.elementor-19984 .elementor-element.elementor-element-ece9c67.elementor-element{--align-self:center;}.elementor-19984 .elementor-element.elementor-element-ece9c67{text-align:center;}.elementor-19984 .elementor-element.elementor-element-ece9c67 .elementor-heading-title{font-family:\"Marcellus\", Poppins;font-weight:600;text-transform:uppercase;line-height:1.3em;letter-spacing:1.2px;color:#FFFFFF;}@media(max-width:991px){.elementor-19984 .elementor-element.elementor-element-f6e43d0{--min-height:25vh;}}@media(max-width:767px){.elementor-19984 .elementor-element.elementor-element-f6e43d0{--min-height:28vh;}}<\/style><div class=\"porto-block elementor elementor-19984 elementor-18909\" data-id=\"19984\">\t\t<div data-elementor-type=\"wp-post\" data-elementor-id=\"19984\" class=\"elementor elementor-19984 elementor-18909 elementor-18909\" data-elementor-post-type=\"porto_builder\">\n\t\t\t\t<div class=\"elementor-element elementor-element-f6e43d0 e-con-full e-flex e-con e-parent\" data-id=\"f6e43d0\" data-element_type=\"container\" data-e-type=\"container\" data-settings=\"{&quot;background_background&quot;:&quot;classic&quot;}\">\r\n\t\t\t\t<\/div>\n\t\t\t\t<\/div>\n\t\t<\/div><\/div>\n\t\t\t\t\t\t<\/div>\n\t\t\t\t<\/div>\n\t\t\t\t<\/div>\n\t\t<div class=\"elementor-element elementor-element-35cef5b e-flex e-con-boxed e-con e-parent\" data-id=\"35cef5b\" data-element_type=\"container\" data-e-type=\"container\">\r\n\t\t\t\t\t<div class=\"e-con-inner\">\r\n\t\t\t\t<div class=\"elementor-element elementor-element-313d932 elementor-widget elementor-widget-tp-dynamic-listing\" data-id=\"313d932\" data-element_type=\"widget\" data-e-type=\"widget\" data-widget_type=\"tp-dynamic-listing.default\">\n\t\t\t\t<div class=\"elementor-widget-container\">\n\t\t\t\t\t<div id=\"pt-plus-dynamic-listing\" class=\"dynamic-listing post69e4b2f201579  list-isotope  dynamic-listing-style-2 hover-image-style-1  layout-style-1   tp-dy-l-type-page_listing \"    data-layout-type=\"fitRows\"   data-id=\"post69e4b2f201579\" data-style=\"style-2\"   dir= data-enable-isotope=\"1\" filter-type = \"normal\"><div id=\"post69e4b2f201579\" class=\"tp-row post-inner-loop   post69e4b2f201579 text-center   tp_list\" data-extparam= '{\"loading-opt\":\"skeleton\",\"URL-para\":\"\"}'    \"  data-widgetId = 313d932><div class=\"grid-item metro-item  tp-col-lg-3 tp-col-md-4 tp-col-sm-6 tp-col-6  \"><article id=\"post-17007\" class=\"post-17007 world_of_p31 type-world_of_p31 status-publish has-post-thumbnail hentry world_of_p31-category-events-de\">\r\n\t<div class=\"blog-list-content\">\r\n\t\t\t\t\t\t\t\t\t<div class=\"post-content-image\">\r\n\t\t\t<a href=\"https:\/\/p31aperitivogreen.com\/de\/world_of_p31\/p31-aperitif-gruen-im-salon-gpa-cidial\/\">\r\n\t\t\t\t\t<div class=\"blog-featured-image \">\r\n\t<span class=\"thumb-wrap\">\r\n\t\t<img fetchpriority=\"high\" decoding=\"async\" width=\"300\" height=\"300\" src=\"https:\/\/p31aperitivogreen.com\/wp-content\/uploads\/2023\/03\/PHOTO-2023-03-27-19-42-02-3-300x300.jpg\" class=\"attachment-woocommerce_thumbnail size-woocommerce_thumbnail\" alt=\"\" \/>\t<\/span>\r\n\t<\/div>\r\n\t\t\t<\/a>\r\n\t\t\t\t\t\t<\/div>\r\n\t\t\t\t\t\t<div class=\"post-content-bottom\">\r\n\t\t\t\t\t\t\t<div class=\"post-metro-category-top\">\r\n\t\t\t\t\t<div class=\"post-category-list style-1\">\t\r\n\t<\/div>\r\n\t\t\t\t<\/div>\r\n\t\t\t\t\t\t<div class=\"post-metro-content\">\r\n\t\t\t\t<h4 class=\"post-title\">\r\n\t<a href=\"https:\/\/p31aperitivogreen.com\/de\/world_of_p31\/p31-aperitif-gruen-im-salon-gpa-cidial\/\" class=\"normal\">P31 APERITIF GR\u00dcN IM SALON GPA &amp; CIDIAL<\/a>\r\n<\/h4>\r\n\t\t\t\t\t\t\t\t\t<div class=\"post-hover-content\">\r\n\t\t\t\t\t\t<div class=\"entry-content\">\r\n\t<p>Unser P31 Aperitif gr\u00fcn ist auch in Lyon angekommen, f\u00fcr die j\u00e4hrliche Messe &#8222;GPA &amp; CIDIAL&#8220;. Am 27. M\u00e4rz waren wir zusammen mit vielen italienischen Exzellenz auf der j\u00e4hrlichen...<\/p>\r\n<\/div>\r\n\t\t\t\t\t<\/div>\r\n\t\t\t\t\t\t\t\t\t\t\t<\/div>\r\n\t\t<\/div>\r\n\t\t\t<\/div>\r\n<\/article>\r\n<\/div><div class=\"grid-item metro-item  tp-col-lg-3 tp-col-md-4 tp-col-sm-6 tp-col-6  \"><article id=\"post-16951\" class=\"post-16951 world_of_p31 type-world_of_p31 status-publish has-post-thumbnail hentry world_of_p31-category-events-de\">\r\n\t<div class=\"blog-list-content\">\r\n\t\t\t\t\t\t\t\t\t<div class=\"post-content-image\">\r\n\t\t\t<a href=\"https:\/\/p31aperitivogreen.com\/de\/world_of_p31\/p31-green-aperitif-im-lausanne-cocktail-club-lcc\/\">\r\n\t\t\t\t\t<div class=\"blog-featured-image \">\r\n\t<span class=\"thumb-wrap\">\r\n\t\t<img decoding=\"async\" width=\"300\" height=\"300\" src=\"https:\/\/p31aperitivogreen.com\/wp-content\/uploads\/2023\/03\/P31_015-scaled-300x300.jpg\" class=\"attachment-woocommerce_thumbnail size-woocommerce_thumbnail\" alt=\"\" \/>\t<\/span>\r\n\t<\/div>\r\n\t\t\t<\/a>\r\n\t\t\t\t\t\t<\/div>\r\n\t\t\t\t\t\t<div class=\"post-content-bottom\">\r\n\t\t\t\t\t\t\t<div class=\"post-metro-category-top\">\r\n\t\t\t\t\t<div class=\"post-category-list style-1\">\t\r\n\t<\/div>\r\n\t\t\t\t<\/div>\r\n\t\t\t\t\t\t<div class=\"post-metro-content\">\r\n\t\t\t\t<h4 class=\"post-title\">\r\n\t<a href=\"https:\/\/p31aperitivogreen.com\/de\/world_of_p31\/p31-green-aperitif-im-lausanne-cocktail-club-lcc\/\" class=\"normal\">P31 Green Aperitif im Lausanne Cocktail Club LCC<\/a>\r\n<\/h4>\r\n\t\t\t\t\t\t\t\t\t<div class=\"post-hover-content\">\r\n\t\t\t\t\t\t<div class=\"entry-content\">\r\n\t<p>Unser P31 Aperitif Green ist auch in der Schweiz angekommen. Am 13. M\u00e4rz waren wir im Lausanne Cocktail Club LCC in Zusammenarbeit mit unserem lokalen H\u00e4ndler Spirit Trading von...<\/p>\r\n<\/div>\r\n\t\t\t\t\t<\/div>\r\n\t\t\t\t\t\t\t\t\t\t\t<\/div>\r\n\t\t<\/div>\r\n\t\t\t<\/div>\r\n<\/article>\r\n<\/div><div class=\"grid-item metro-item  tp-col-lg-3 tp-col-md-4 tp-col-sm-6 tp-col-6  \"><article id=\"post-16803\" class=\"post-16803 world_of_p31 type-world_of_p31 status-publish has-post-thumbnail hentry world_of_p31-category-events-de\">\r\n\t<div class=\"blog-list-content\">\r\n\t\t\t\t\t\t\t\t\t<div class=\"post-content-image\">\r\n\t\t\t<a href=\"https:\/\/p31aperitivogreen.com\/de\/world_of_p31\/prowein-messe-2023\/\">\r\n\t\t\t\t\t<div class=\"blog-featured-image \">\r\n\t<span class=\"thumb-wrap\">\r\n\t\t<img decoding=\"async\" width=\"300\" height=\"300\" src=\"https:\/\/p31aperitivogreen.com\/wp-content\/uploads\/2023\/02\/prowein23-scaled-e1679673740339-300x300.jpg\" class=\"attachment-woocommerce_thumbnail size-woocommerce_thumbnail\" alt=\"\" \/>\t<\/span>\r\n\t<\/div>\r\n\t\t\t<\/a>\r\n\t\t\t\t\t\t<\/div>\r\n\t\t\t\t\t\t<div class=\"post-content-bottom\">\r\n\t\t\t\t\t\t\t<div class=\"post-metro-category-top\">\r\n\t\t\t\t\t<div class=\"post-category-list style-1\">\t\r\n\t<\/div>\r\n\t\t\t\t<\/div>\r\n\t\t\t\t\t\t<div class=\"post-metro-content\">\r\n\t\t\t\t<h4 class=\"post-title\">\r\n\t<a href=\"https:\/\/p31aperitivogreen.com\/de\/world_of_p31\/prowein-messe-2023\/\" class=\"normal\">ProWein Messe 2023<\/a>\r\n<\/h4>\r\n\t\t\t\t\t\t\t\t\t<div class=\"post-hover-content\">\r\n\t\t\t\t\t\t<div class=\"entry-content\">\r\n\t<p>Wir freuen uns euch auf der diesj\u00e4hrigen ProWein2023 in D\u00fcsseldorf die Produkte von P31 vorzustellen. Neben dem Aperitivo Green wird es auch den Green Bitter geben, mit dem man...<\/p>\r\n<\/div>\r\n\t\t\t\t\t<\/div>\r\n\t\t\t\t\t\t\t\t\t\t\t<\/div>\r\n\t\t<\/div>\r\n\t\t\t<\/div>\r\n<\/article>\r\n<\/div><div class=\"grid-item metro-item  tp-col-lg-3 tp-col-md-4 tp-col-sm-6 tp-col-6  \"><article id=\"post-15859\" class=\"post-15859 world_of_p31 type-world_of_p31 status-publish has-post-thumbnail hentry world_of_p31-category-eventi world_of_p31-category-events-de world_of_p31-category-events\">\r\n\t<div class=\"blog-list-content\">\r\n\t\t\t\t\t\t\t\t\t<div class=\"post-content-image\">\r\n\t\t\t<a href=\"https:\/\/p31aperitivogreen.com\/de\/world_of_p31\/prowein-messe\/\">\r\n\t\t\t\t\t<div class=\"blog-featured-image \">\r\n\t<span class=\"thumb-wrap\">\r\n\t\t<img loading=\"lazy\" decoding=\"async\" width=\"300\" height=\"300\" src=\"https:\/\/p31aperitivogreen.com\/wp-content\/uploads\/2022\/06\/prowein_1-300x300.jpeg\" class=\"attachment-woocommerce_thumbnail size-woocommerce_thumbnail\" alt=\"\" \/>\t<\/span>\r\n\t<\/div>\r\n\t\t\t<\/a>\r\n\t\t\t\t\t\t<\/div>\r\n\t\t\t\t\t\t<div class=\"post-content-bottom\">\r\n\t\t\t\t\t\t\t<div class=\"post-metro-category-top\">\r\n\t\t\t\t\t<div class=\"post-category-list style-1\">\t\r\n\t<\/div>\r\n\t\t\t\t<\/div>\r\n\t\t\t\t\t\t<div class=\"post-metro-content\">\r\n\t\t\t\t<h4 class=\"post-title\">\r\n\t<a href=\"https:\/\/p31aperitivogreen.com\/de\/world_of_p31\/prowein-messe\/\" class=\"normal\">ProWein Messe<\/a>\r\n<\/h4>\r\n\t\t\t\t\t\t\t\t\t<div class=\"post-hover-content\">\r\n\t\t\t\t\t\t<div class=\"entry-content\">\r\n\t<p>D\u00fcsseldorf 15-17 Mai 2022 &nbsp; [visual_portfolio id=&#8220;15768&#8243;]<\/p>\r\n<\/div>\r\n\t\t\t\t\t<\/div>\r\n\t\t\t\t\t\t\t\t\t\t\t<\/div>\r\n\t\t<\/div>\r\n\t\t\t<\/div>\r\n<\/article>\r\n<\/div><div class=\"grid-item metro-item  tp-col-lg-3 tp-col-md-4 tp-col-sm-6 tp-col-6  \"><article id=\"post-15864\" class=\"post-15864 world_of_p31 type-world_of_p31 status-publish has-post-thumbnail hentry world_of_p31-category-eventi world_of_p31-category-events-de world_of_p31-category-events\">\r\n\t<div class=\"blog-list-content\">\r\n\t\t\t\t\t\t\t\t\t<div class=\"post-content-image\">\r\n\t\t\t<a href=\"https:\/\/p31aperitivogreen.com\/de\/world_of_p31\/fuorisalone-mailand\/\">\r\n\t\t\t\t\t<div class=\"blog-featured-image \">\r\n\t<span class=\"thumb-wrap\">\r\n\t\t<img loading=\"lazy\" decoding=\"async\" width=\"300\" height=\"300\" src=\"https:\/\/p31aperitivogreen.com\/wp-content\/uploads\/2022\/06\/fuorisalone-milano-2-300x300.jpeg\" class=\"attachment-woocommerce_thumbnail size-woocommerce_thumbnail\" alt=\"\" \/>\t<\/span>\r\n\t<\/div>\r\n\t\t\t<\/a>\r\n\t\t\t\t\t\t<\/div>\r\n\t\t\t\t\t\t<div class=\"post-content-bottom\">\r\n\t\t\t\t\t\t\t<div class=\"post-metro-category-top\">\r\n\t\t\t\t\t<div class=\"post-category-list style-1\">\t\r\n\t<\/div>\r\n\t\t\t\t<\/div>\r\n\t\t\t\t\t\t<div class=\"post-metro-content\">\r\n\t\t\t\t<h4 class=\"post-title\">\r\n\t<a href=\"https:\/\/p31aperitivogreen.com\/de\/world_of_p31\/fuorisalone-mailand\/\" class=\"normal\">FuoriSalone Mailand<\/a>\r\n<\/h4>\r\n\t\t\t\t\t\t\t\t\t<div class=\"post-hover-content\">\r\n\t\t\t\t\t\t<div class=\"entry-content\">\r\n\t<p>Mailand &#8211; Italien, 9 giugno 2022 &nbsp; [visual_portfolio id=&#8220;15780&#8243;]<\/p>\r\n<\/div>\r\n\t\t\t\t\t<\/div>\r\n\t\t\t\t\t\t\t\t\t\t\t<\/div>\r\n\t\t<\/div>\r\n\t\t\t<\/div>\r\n<\/article>\r\n<\/div><div class=\"grid-item metro-item  tp-col-lg-3 tp-col-md-4 tp-col-sm-6 tp-col-6  \"><article id=\"post-15860\" class=\"post-15860 world_of_p31 type-world_of_p31 status-publish has-post-thumbnail hentry world_of_p31-category-eventi world_of_p31-category-events world_of_p31-category-events-de\">\r\n\t<div class=\"blog-list-content\">\r\n\t\t\t\t\t\t\t\t\t<div class=\"post-content-image\">\r\n\t\t\t<a href=\"https:\/\/p31aperitivogreen.com\/de\/world_of_p31\/italienische-botschaft-warschau-polen\/\">\r\n\t\t\t\t\t<div class=\"blog-featured-image \">\r\n\t<span class=\"thumb-wrap\">\r\n\t\t<img loading=\"lazy\" decoding=\"async\" width=\"300\" height=\"300\" src=\"https:\/\/p31aperitivogreen.com\/wp-content\/uploads\/2022\/06\/amb-ita-varsavia-4-min-300x300.jpg\" class=\"attachment-woocommerce_thumbnail size-woocommerce_thumbnail\" alt=\"\" \/>\t<\/span>\r\n\t<\/div>\r\n\t\t\t<\/a>\r\n\t\t\t\t\t\t<\/div>\r\n\t\t\t\t\t\t<div class=\"post-content-bottom\">\r\n\t\t\t\t\t\t\t<div class=\"post-metro-category-top\">\r\n\t\t\t\t\t<div class=\"post-category-list style-1\">\t\r\n\t<\/div>\r\n\t\t\t\t<\/div>\r\n\t\t\t\t\t\t<div class=\"post-metro-content\">\r\n\t\t\t\t<h4 class=\"post-title\">\r\n\t<a href=\"https:\/\/p31aperitivogreen.com\/de\/world_of_p31\/italienische-botschaft-warschau-polen\/\" class=\"normal\">Italienische Botschaft Warschau &#8211; Polen<\/a>\r\n<\/h4>\r\n\t\t\t\t\t\t\t\t\t<div class=\"post-hover-content\">\r\n\t\t\t\t\t\t<div class=\"entry-content\">\r\n\t<p>Italienische Botschaft Warschau &#8211; Polen, 2 Juni 2022 &nbsp; [visual_portfolio id=&#8220;15742&#8243;]<\/p>\r\n<\/div>\r\n\t\t\t\t\t<\/div>\r\n\t\t\t\t\t\t\t\t\t\t\t<\/div>\r\n\t\t<\/div>\r\n\t\t\t<\/div>\r\n<\/article>\r\n<\/div><div class=\"grid-item metro-item  tp-col-lg-3 tp-col-md-4 tp-col-sm-6 tp-col-6  \"><article id=\"post-15861\" class=\"post-15861 world_of_p31 type-world_of_p31 status-publish has-post-thumbnail hentry world_of_p31-category-eventi world_of_p31-category-events world_of_p31-category-events-de\">\r\n\t<div class=\"blog-list-content\">\r\n\t\t\t\t\t\t\t\t\t<div class=\"post-content-image\">\r\n\t\t\t<a href=\"https:\/\/p31aperitivogreen.com\/de\/world_of_p31\/la-dolce-vita-veranstaltung\/\">\r\n\t\t\t\t\t<div class=\"blog-featured-image \">\r\n\t<span class=\"thumb-wrap\">\r\n\t\t<img loading=\"lazy\" decoding=\"async\" width=\"300\" height=\"259\" src=\"https:\/\/p31aperitivogreen.com\/wp-content\/uploads\/2022\/06\/La-Cambuse-1-300x259.png\" class=\"attachment-woocommerce_thumbnail size-woocommerce_thumbnail\" alt=\"\" \/>\t<\/span>\r\n\t<\/div>\r\n\t\t\t<\/a>\r\n\t\t\t\t\t\t<\/div>\r\n\t\t\t\t\t\t<div class=\"post-content-bottom\">\r\n\t\t\t\t\t\t\t<div class=\"post-metro-category-top\">\r\n\t\t\t\t\t<div class=\"post-category-list style-1\">\t\r\n\t<\/div>\r\n\t\t\t\t<\/div>\r\n\t\t\t\t\t\t<div class=\"post-metro-content\">\r\n\t\t\t\t<h4 class=\"post-title\">\r\n\t<a href=\"https:\/\/p31aperitivogreen.com\/de\/world_of_p31\/la-dolce-vita-veranstaltung\/\" class=\"normal\">\u2018La Dolce Vita\u2018 Veranstaltung<\/a>\r\n<\/h4>\r\n\t\t\t\t\t\t\t\t\t<div class=\"post-hover-content\">\r\n\t\t\t\t\t\t<div class=\"entry-content\">\r\n\t<p>Golfe-Juan, C\u00f4te d&#8217;Azur &#8211; Frankreich 18-19 Juni 2022 &nbsp; [visual_portfolio id=&#8220;15800&#8243;]<\/p>\r\n<\/div>\r\n\t\t\t\t\t<\/div>\r\n\t\t\t\t\t\t\t\t\t\t\t<\/div>\r\n\t\t<\/div>\r\n\t\t\t<\/div>\r\n<\/article>\r\n<\/div><\/div><\/div>\t\t\t\t<\/div>\n\t\t\t\t<\/div>\n\t\t\t\t\t<\/div>\n\t\t\t\t<\/div>\n\t\t\t\t<\/div>\n\t\t","protected":false},"excerpt":{"rendered":"<p>P31 Aperitivo Green @ Jesolo Cocktail Experience\u00a0 P31 Aperitivo Green parteciper\u00e0 a Jesolo Cocktail Experience in collaborazione con il nostro partner commerciale Ferro Distribuzione.\u00a0 Dal 12 al 21 maggio 2023 Jesolo (VE), rinomata localit\u00e0 balneare vicino&#8230; P31 Aperitivo @ Fuori Salone 2023 \u2013 SI MA Townhouse P31 Aperitivo Green, anche quest\u2019anno, conferma la presenza al [&hellip;]<\/p>\n","protected":false},"author":3599,"featured_media":0,"parent":0,"menu_order":19,"comment_status":"closed","ping_status":"closed","template":"","meta":{"_acf_changed":false,"_lmt_disableupdate":"","_lmt_disable":"","footnotes":""},"class_list":["post-15351","page","type-page","status-publish","hentry"],"acf":[],"yoast_head":"<!-- This site is optimized with the Yoast SEO plugin v27.4 - https:\/\/yoast.com\/product\/yoast-seo-wordpress\/ -->\n<title>Blog - P31 Aperitivo Green Spritz<\/title>\n<meta name=\"robots\" content=\"index, follow, max-snippet:-1, max-image-preview:large, max-video-preview:-1\" \/>\n<link rel=\"canonical\" href=\"https:\/\/p31aperitivogreen.com\/de\/blog\/\" \/>\n<meta property=\"og:locale\" content=\"de_DE\" \/>\n<meta property=\"og:type\" content=\"article\" \/>\n<meta property=\"og:title\" content=\"Blog - P31 Aperitivo Green Spritz\" \/>\n<meta property=\"og:description\" content=\"P31 Aperitivo Green @ Jesolo Cocktail Experience\u00a0 P31 Aperitivo Green parteciper\u00e0 a Jesolo Cocktail Experience in collaborazione con il nostro partner commerciale Ferro Distribuzione.\u00a0 Dal 12 al 21 maggio 2023 Jesolo (VE), rinomata localit\u00e0 balneare vicino&#8230; P31 Aperitivo @ Fuori Salone 2023 \u2013 SI MA Townhouse P31 Aperitivo Green, anche quest\u2019anno, conferma la presenza al [&hellip;]\" \/>\n<meta property=\"og:url\" content=\"https:\/\/p31aperitivogreen.com\/de\/blog\/\" \/>\n<meta property=\"og:site_name\" content=\"P31 Aperitivo Green Spritz\" \/>\n<meta property=\"article:publisher\" content=\"https:\/\/www.facebook.com\/P31aperitivogreen\" \/>\n<meta property=\"article:modified_time\" content=\"2024-04-02T10:10:32+00:00\" \/>\n<meta property=\"og:image\" content=\"https:\/\/p31aperitivogreen.com\/wp-content\/uploads\/2023\/04\/M3-1-300x300.png\" \/>\n<meta name=\"twitter:card\" content=\"summary_large_image\" \/>\n<meta name=\"twitter:label1\" content=\"Gesch\u00e4tzte Lesezeit\" \/>\n\t<meta name=\"twitter:data1\" content=\"1\u00a0Minute\" \/>\n<script type=\"application\/ld+json\" class=\"yoast-schema-graph\">{\"@context\":\"https:\\\/\\\/schema.org\",\"@graph\":[{\"@type\":\"WebPage\",\"@id\":\"https:\\\/\\\/p31aperitivogreen.com\\\/de\\\/blog\\\/\",\"url\":\"https:\\\/\\\/p31aperitivogreen.com\\\/de\\\/blog\\\/\",\"name\":\"Blog - P31 Aperitivo Green Spritz\",\"isPartOf\":{\"@id\":\"https:\\\/\\\/p31aperitivogreen.com\\\/de\\\/#website\"},\"primaryImageOfPage\":{\"@id\":\"https:\\\/\\\/p31aperitivogreen.com\\\/de\\\/blog\\\/#primaryimage\"},\"image\":{\"@id\":\"https:\\\/\\\/p31aperitivogreen.com\\\/de\\\/blog\\\/#primaryimage\"},\"thumbnailUrl\":\"https:\\\/\\\/p31aperitivogreen.com\\\/wp-content\\\/uploads\\\/2023\\\/04\\\/M3-1-300x300.png\",\"datePublished\":\"2020-03-04T14:20:54+00:00\",\"dateModified\":\"2024-04-02T10:10:32+00:00\",\"breadcrumb\":{\"@id\":\"https:\\\/\\\/p31aperitivogreen.com\\\/de\\\/blog\\\/#breadcrumb\"},\"inLanguage\":\"de\",\"potentialAction\":[{\"@type\":\"ReadAction\",\"target\":[\"https:\\\/\\\/p31aperitivogreen.com\\\/de\\\/blog\\\/\"]}]},{\"@type\":\"ImageObject\",\"inLanguage\":\"de\",\"@id\":\"https:\\\/\\\/p31aperitivogreen.com\\\/de\\\/blog\\\/#primaryimage\",\"url\":\"https:\\\/\\\/p31aperitivogreen.com\\\/wp-content\\\/uploads\\\/2023\\\/04\\\/M3-1-300x300.png\",\"contentUrl\":\"https:\\\/\\\/p31aperitivogreen.com\\\/wp-content\\\/uploads\\\/2023\\\/04\\\/M3-1-300x300.png\"},{\"@type\":\"BreadcrumbList\",\"@id\":\"https:\\\/\\\/p31aperitivogreen.com\\\/de\\\/blog\\\/#breadcrumb\",\"itemListElement\":[{\"@type\":\"ListItem\",\"position\":1,\"name\":\"Home\",\"item\":\"https:\\\/\\\/p31aperitivogreen.com\\\/de\\\/\"},{\"@type\":\"ListItem\",\"position\":2,\"name\":\"Blog\"}]},{\"@type\":\"WebSite\",\"@id\":\"https:\\\/\\\/p31aperitivogreen.com\\\/de\\\/#website\",\"url\":\"https:\\\/\\\/p31aperitivogreen.com\\\/de\\\/\",\"name\":\"P31 Aperitivo Green\",\"description\":\"Prodotti per Aperitivi, Cocktail, Spritz, Mixology dal colore verde\",\"publisher\":{\"@id\":\"https:\\\/\\\/p31aperitivogreen.com\\\/de\\\/#organization\"},\"potentialAction\":[{\"@type\":\"SearchAction\",\"target\":{\"@type\":\"EntryPoint\",\"urlTemplate\":\"https:\\\/\\\/p31aperitivogreen.com\\\/de\\\/?s={search_term_string}\"},\"query-input\":{\"@type\":\"PropertyValueSpecification\",\"valueRequired\":true,\"valueName\":\"search_term_string\"}}],\"inLanguage\":\"de\"},{\"@type\":\"Organization\",\"@id\":\"https:\\\/\\\/p31aperitivogreen.com\\\/de\\\/#organization\",\"name\":\"P31 srl\",\"url\":\"https:\\\/\\\/p31aperitivogreen.com\\\/de\\\/\",\"logo\":{\"@type\":\"ImageObject\",\"inLanguage\":\"de\",\"@id\":\"https:\\\/\\\/p31aperitivogreen.com\\\/de\\\/#\\\/schema\\\/logo\\\/image\\\/\",\"url\":\"https:\\\/\\\/p31aperitivogreen.com\\\/wp-content\\\/uploads\\\/2024\\\/03\\\/logo-p31-bianco.svg\",\"contentUrl\":\"https:\\\/\\\/p31aperitivogreen.com\\\/wp-content\\\/uploads\\\/2024\\\/03\\\/logo-p31-bianco.svg\",\"width\":113,\"height\":90,\"caption\":\"P31 srl\"},\"image\":{\"@id\":\"https:\\\/\\\/p31aperitivogreen.com\\\/de\\\/#\\\/schema\\\/logo\\\/image\\\/\"},\"sameAs\":[\"https:\\\/\\\/www.facebook.com\\\/P31aperitivogreen\",\"https:\\\/\\\/www.instagram.com\\\/p31aperitivogreen\\\/\"]}]}<\/script>\n<!-- \/ Yoast SEO plugin. -->","yoast_head_json":{"title":"Blog - P31 Aperitivo Green Spritz","robots":{"index":"index","follow":"follow","max-snippet":"max-snippet:-1","max-image-preview":"max-image-preview:large","max-video-preview":"max-video-preview:-1"},"canonical":"https:\/\/p31aperitivogreen.com\/de\/blog\/","og_locale":"de_DE","og_type":"article","og_title":"Blog - P31 Aperitivo Green Spritz","og_description":"P31 Aperitivo Green @ Jesolo Cocktail Experience\u00a0 P31 Aperitivo Green parteciper\u00e0 a Jesolo Cocktail Experience in collaborazione con il nostro partner commerciale Ferro Distribuzione.\u00a0 Dal 12 al 21 maggio 2023 Jesolo (VE), rinomata localit\u00e0 balneare vicino&#8230; P31 Aperitivo @ Fuori Salone 2023 \u2013 SI MA Townhouse P31 Aperitivo Green, anche quest\u2019anno, conferma la presenza al [&hellip;]","og_url":"https:\/\/p31aperitivogreen.com\/de\/blog\/","og_site_name":"P31 Aperitivo Green Spritz","article_publisher":"https:\/\/www.facebook.com\/P31aperitivogreen","article_modified_time":"2024-04-02T10:10:32+00:00","og_image":[{"url":"https:\/\/p31aperitivogreen.com\/wp-content\/uploads\/2023\/04\/M3-1-300x300.png","type":"","width":"","height":""}],"twitter_card":"summary_large_image","twitter_misc":{"Gesch\u00e4tzte Lesezeit":"1\u00a0Minute"},"schema":{"@context":"https:\/\/schema.org","@graph":[{"@type":"WebPage","@id":"https:\/\/p31aperitivogreen.com\/de\/blog\/","url":"https:\/\/p31aperitivogreen.com\/de\/blog\/","name":"Blog - P31 Aperitivo Green Spritz","isPartOf":{"@id":"https:\/\/p31aperitivogreen.com\/de\/#website"},"primaryImageOfPage":{"@id":"https:\/\/p31aperitivogreen.com\/de\/blog\/#primaryimage"},"image":{"@id":"https:\/\/p31aperitivogreen.com\/de\/blog\/#primaryimage"},"thumbnailUrl":"https:\/\/p31aperitivogreen.com\/wp-content\/uploads\/2023\/04\/M3-1-300x300.png","datePublished":"2020-03-04T14:20:54+00:00","dateModified":"2024-04-02T10:10:32+00:00","breadcrumb":{"@id":"https:\/\/p31aperitivogreen.com\/de\/blog\/#breadcrumb"},"inLanguage":"de","potentialAction":[{"@type":"ReadAction","target":["https:\/\/p31aperitivogreen.com\/de\/blog\/"]}]},{"@type":"ImageObject","inLanguage":"de","@id":"https:\/\/p31aperitivogreen.com\/de\/blog\/#primaryimage","url":"https:\/\/p31aperitivogreen.com\/wp-content\/uploads\/2023\/04\/M3-1-300x300.png","contentUrl":"https:\/\/p31aperitivogreen.com\/wp-content\/uploads\/2023\/04\/M3-1-300x300.png"},{"@type":"BreadcrumbList","@id":"https:\/\/p31aperitivogreen.com\/de\/blog\/#breadcrumb","itemListElement":[{"@type":"ListItem","position":1,"name":"Home","item":"https:\/\/p31aperitivogreen.com\/de\/"},{"@type":"ListItem","position":2,"name":"Blog"}]},{"@type":"WebSite","@id":"https:\/\/p31aperitivogreen.com\/de\/#website","url":"https:\/\/p31aperitivogreen.com\/de\/","name":"P31 Aperitivo Green","description":"Prodotti per Aperitivi, Cocktail, Spritz, Mixology dal colore verde","publisher":{"@id":"https:\/\/p31aperitivogreen.com\/de\/#organization"},"potentialAction":[{"@type":"SearchAction","target":{"@type":"EntryPoint","urlTemplate":"https:\/\/p31aperitivogreen.com\/de\/?s={search_term_string}"},"query-input":{"@type":"PropertyValueSpecification","valueRequired":true,"valueName":"search_term_string"}}],"inLanguage":"de"},{"@type":"Organization","@id":"https:\/\/p31aperitivogreen.com\/de\/#organization","name":"P31 srl","url":"https:\/\/p31aperitivogreen.com\/de\/","logo":{"@type":"ImageObject","inLanguage":"de","@id":"https:\/\/p31aperitivogreen.com\/de\/#\/schema\/logo\/image\/","url":"https:\/\/p31aperitivogreen.com\/wp-content\/uploads\/2024\/03\/logo-p31-bianco.svg","contentUrl":"https:\/\/p31aperitivogreen.com\/wp-content\/uploads\/2024\/03\/logo-p31-bianco.svg","width":113,"height":90,"caption":"P31 srl"},"image":{"@id":"https:\/\/p31aperitivogreen.com\/de\/#\/schema\/logo\/image\/"},"sameAs":["https:\/\/www.facebook.com\/P31aperitivogreen","https:\/\/www.instagram.com\/p31aperitivogreen\/"]}]}},"_links":{"self":[{"href":"https:\/\/p31aperitivogreen.com\/de\/wp-json\/wp\/v2\/pages\/15351","targetHints":{"allow":["GET"]}}],"collection":[{"href":"https:\/\/p31aperitivogreen.com\/de\/wp-json\/wp\/v2\/pages"}],"about":[{"href":"https:\/\/p31aperitivogreen.com\/de\/wp-json\/wp\/v2\/types\/page"}],"author":[{"embeddable":true,"href":"https:\/\/p31aperitivogreen.com\/de\/wp-json\/wp\/v2\/users\/3599"}],"replies":[{"embeddable":true,"href":"https:\/\/p31aperitivogreen.com\/de\/wp-json\/wp\/v2\/comments?post=15351"}],"version-history":[{"count":10,"href":"https:\/\/p31aperitivogreen.com\/de\/wp-json\/wp\/v2\/pages\/15351\/revisions"}],"predecessor-version":[{"id":19947,"href":"https:\/\/p31aperitivogreen.com\/de\/wp-json\/wp\/v2\/pages\/15351\/revisions\/19947"}],"wp:attachment":[{"href":"https:\/\/p31aperitivogreen.com\/de\/wp-json\/wp\/v2\/media?parent=15351"}],"curies":[{"name":"wp","href":"https:\/\/api.w.org\/{rel}","templated":true}]}}